{"id":288,"date":"2017-10-18T08:50:13","date_gmt":"2017-10-18T08:50:13","guid":{"rendered":"http:\/\/aoki.select-themes.com\/?page_id=288"},"modified":"2021-09-28T19:38:00","modified_gmt":"2021-09-28T19:38:00","slug":"faq","status":"publish","type":"page","link":"https:\/\/www.mychewinggum.com\/cs\/faq\/","title":{"rendered":"FAQ"},"content":{"rendered":"<div class=\"qodef-row-grid-section-wrapper\"  ><div class=\"qodef-row-grid-section\"><div class=\"vc_row wpb_row vc_row-fluid vc_custom_1509089308685\" ><div class=\"wpb_column vc_column_container vc_col-sm-12 vc_col-lg-offset-0 vc_col-lg-9 vc_col-md-offset-0 vc_col-md-12 vc_col-sm-offset-0\"><div class=\"vc_column-inner\"><div class=\"wpb_wrapper\"><div class=\"qodef-elements-holder   qodef-one-column  qodef-responsive-mode-768\" ><div class=\"qodef-eh-item\"  data-item-class=\"qodef-eh-custom-7931\" data-768-1024=\"13% 0px 10% 0px\" data-680-768=\"16% 0px 10% 0px\">\n\t<div class=\"qodef-eh-item-inner\">\n\t\t<div class=\"qodef-eh-item-content qodef-eh-custom-7931\" style=\"padding: 0px 0px 0px 0px\">\n\t\t\t<div class=\"qodef-section-title-holder  qodef-st-standard qodef-st-title-left qodef-st-normal-space\" >\n\t<div class=\"qodef-st-inner\">\n\t\t\t\t\t<h2 class=\"qodef-st-title\" >\n\t\t\t\tJak dlouho mus\u00edme na \u017ev\u00fdka\u010dky \u010dekat?\t\t\t<\/h2>\n\t\t                    <div class=\"qodef-separator-holder clearfix  qodef-separator-position\">\n\t<div class=\"qodef-separator\" style=\"margin-top: 21px;margin-bottom: 11px\"><\/div>\n<\/div>\n        \t\t\t\t\t<h4 class=\"qodef-st-text\" >\n\t\t\t\tDodac\u00ed lh\u016fta z\u00e1vis\u00ed od zvolen\u00e9m produktu. V\u00edce informac\u00ed najdete v sekci produkt\u016f.\t\t\t<\/h4>\n\t\t\t<\/div>\n<\/div>\n<div class=\"vc_empty_space\"   style=\"height: 13px\"><span class=\"vc_empty_space_inner\"><\/span><\/div><div class=\"qodef-accordion-holder qodef-ac-default  qodef-accordion qodef-ac-simple  clearfix\">\n\t<h3 class=\"qodef-accordion-title\">\n    <span class=\"qodef-additional-tag\"> 01 <\/span>\n\t<span class=\"qodef-tab-title\">Jak\u00e9 je slo\u017een\u00ed \u017ev\u00fdka\u010dek?<\/span>\n    <span class=\"qodef-accordion-mark\">\n\t\t<span class=\"qodef_icon_plus icon_plus\"><\/span>\n\t\t<span class=\"qodef_icon_minus icon_minus-06\"><\/span>\n\t<\/span>\n<\/h3>\n<div class=\"qodef-accordion-content\">\n\t<div class=\"qodef-accordion-content-inner\">\n\t\t\n\t<div class=\"wpb_text_column wpb_content_element\" >\n\t\t<div class=\"wpb_wrapper\">\n\t\t\t<p>Sna\u017e\u00edme se, aby slo\u017een\u00ed na\u0161ich \u017ev\u00fdka\u010dek bylo co nejv\u00edce p\u0159\u00edrodn\u00ed, ale p\u0159edev\u0161\u00edm jsme py\u0161n\u00ed na to, \u017ee na\u0161e \u017ev\u00fdka\u010dky neobsahuj\u00ed um\u011bl\u00e9 sladidlo ASPARTAM nebo um\u011bl\u00e1 barviva a aromata, kter\u00e1 najdete t\u00e9m\u011b\u0159 ve v\u0161ech \u017ev\u00fdka\u010dek ostatn\u00edch zna\u010dek.<\/p>\n<p>\u017dv\u00fdka\u010dky obsahuj\u00ed maltitol, sorbitol, sukral\u00f3zu, xylitol, gumovou b\u00e1zi (obsahuje antioxidant: extrakt bohat\u00fd na tokoferol), arabskou gumu, p\u0159\u00edrodn\u00ed m\u00e1tov\u00e9 ar\u00f3ma, glycerol a karnaubsk\u00fd vosk.<\/p>\n<p>&nbsp;<\/p>\n<p>Sorbitol je v\u00fdta\u017eek z cukru gluk\u00f3zy. Jedn\u00e1 se o p\u0159irozenou slo\u017eku ka\u017ed\u00e9ho ovoce. Sorbitol se pou\u017e\u00edv\u00e1 jako sladidlo, ale tak\u00e9 zahu\u0161\u0165ovadlo, kter\u00e9 je vhodn\u00e9 pro diabetiky.<\/p>\n<p>&nbsp;<\/p>\n<p>Maltitol je p\u0159\u00edrodn\u00ed sladidlo, kter\u00e9 se z\u00edsk\u00e1v\u00e1 ze \u0161krobu a je stejn\u011b sladk\u00e9 jako klasick\u00fd cukr, ale nezp\u016fsobuje zubn\u00ed kazy. Je to stabiliz\u00e1tor a zvlh\u010duj\u00edc\u00ed l\u00e1tka.<\/p>\n<p>&nbsp;<\/p>\n<p>Xylitol je p\u0159irozen\u011b se vyskytuj\u00edc\u00ed n\u00e1hra\u017eka cukru, kter\u00e1 se nach\u00e1z\u00ed ve v\u011bt\u0161in\u011b rostlin, v\u010detn\u011b mnoha\ndruh\u016f ovoce a zeleniny. Xylitol se pou\u017e\u00edv\u00e1 jako n\u00e1hra\u017eka cukru ve \u017ev\u00fdka\u010dk\u00e1ch a jin\u00fdch bonbonech\n\u201ebez cukru\u201c.<\/p>\n<p>&nbsp;<\/p>\n<p>Sukral\u00f3za je nekalorick\u00e9 sladidlo, kter\u00e9 ne\u0161kod\u00ed zub\u016fm a nemetabolizuje se v t\u011ble. Je vhodn\u00e9 pro diabetiky, proto\u017ee neovliv\u0148uje hladinu inzul\u00ednu v krvi.<\/p>\n<p>&nbsp;<\/p>\n<p>Arabsk\u00e1 guma je jeden z nejstar\u0161\u00edch p\u0159\u00edrodn\u00edch emulg\u00e1tor\u016f. Pou\u017e\u00edv\u00e1 se jako zahu\u0161\u0165ovadlo, stabiliz\u00e1tor, zvlh\u010duj\u00edc\u00ed l\u00e1tka a emulg\u00e1tor. Dok\u00e1zalo se, \u017ee m\u016f\u017ee sni\u017eovat hladinu cholesterolu a m\u016f\u017ee m\u00edt blahod\u00e1rn\u00fd vliv na st\u0159evn\u00ed mikrofl\u00f3ru.<\/p>\n<p>&nbsp;<\/p>\n<p>P\u0159\u00edrodn\u00ed m\u00e1tov\u00e9 aroma \u017ev\u00fdka\u010dek Artic je doc\u00edlen\u00e9 esenci\u00e1ln\u00edmi oleji m\u00e1ty peprn\u00e9. Nepou\u017e\u00edv\u00e1me \u017e\u00e1dn\u00e1 um\u011bl\u00e1 aromata ani barviva.<\/p>\n<p>&nbsp;<\/p>\n<p>Glycerol je bezbarv\u00e1 visk\u00f3zn\u00ed kapalina bez z\u00e1pachu a se sladkou chut\u00ed. Vznik\u00e1 p\u0159i kva\u0161en\u00ed r\u016fzn\u00fdch p\u0159\u00edrodn\u00edch l\u00e1tek a v p\u0159\u00edrod\u011b se nej\u010dast\u011bji nach\u00e1z\u00ed v\u00e1zan\u00fd na jin\u00e9 l\u00e1tky.<\/p>\n<p>&nbsp;<\/p>\n<p>Karnaubsk\u00fd vosk je vosk, kter\u00fd se z\u00edsk\u00e1v\u00e1 z list\u016f tropick\u00e9 palmy Copernicia cerifera rostouc\u00ed v Braz\u00edlii. Jedn\u00e1 se o sv\u011btle \u017elutou tvrdou t\u0159pytivou l\u00e1tku s p\u0159\u00edjemnou v\u016fn\u00ed, kter\u00e1 nem\u00e1 \u017e\u00e1dn\u00e9 negativn\u00ed \u00fa\u010dinky.<\/p>\n<p>&nbsp;<\/p>\n<p>Tokoferol je pouze odborn\u00fd n\u00e1zev pro p\u0159\u00edrodn\u00ed vitam\u00edn E. Vitam\u00edn E se pova\u017euje za \u00fa\u010dinn\u00fd antioxidant. Ovliv\u0148uje tvorbu \u010derven\u00fdch krvinek, pod\u00edl\u00ed se na obnov\u011b a r\u016fstu svalov\u00e9 hmoty a dal\u0161\u00edch tk\u00e1n\u00ed.<\/p>\n\n\t\t<\/div>\n\t<\/div>\n\t<\/div>\n<\/div><h3 class=\"qodef-accordion-title\">\n    <span class=\"qodef-additional-tag\"> 02 <\/span>\n\t<span class=\"qodef-tab-title\">Jak\u00e9 p\u0159\u00edchuti nab\u00edz\u00edte?<\/span>\n    <span class=\"qodef-accordion-mark\">\n\t\t<span class=\"qodef_icon_plus icon_plus\"><\/span>\n\t\t<span class=\"qodef_icon_minus icon_minus-06\"><\/span>\n\t<\/span>\n<\/h3>\n<div class=\"qodef-accordion-content\">\n\t<div class=\"qodef-accordion-content-inner\">\n\t\t\n\t<div class=\"wpb_text_column wpb_content_element\" >\n\t\t<div class=\"wpb_wrapper\">\n\t\t\t<p>Na\u0161e pr\u00e9miov\u00e9 dra\u017e\u00e9 \u017ev\u00fdka\u010dky nab\u00edz\u00edme ve dvou nejpopul\u00e1rn\u011bj\u0161\u00edch p\u0159\u00edchut\u00edch Peppermint a Spearmint. Jin\u00e9 p\u0159\u00edchuti jsou k dispozici na vy\u017e\u00e1d\u00e1n\u00ed.<\/p>\n\n\t\t<\/div>\n\t<\/div>\n\t<\/div>\n<\/div><h3 class=\"qodef-accordion-title\">\n    <span class=\"qodef-additional-tag\"> 03 <\/span>\n\t<span class=\"qodef-tab-title\">Jak\u00fd je rozd\u00edl mezi p\u0159\u00edchut\u00ed peppermint a spearmint?<\/span>\n    <span class=\"qodef-accordion-mark\">\n\t\t<span class=\"qodef_icon_plus icon_plus\"><\/span>\n\t\t<span class=\"qodef_icon_minus icon_minus-06\"><\/span>\n\t<\/span>\n<\/h3>\n<div class=\"qodef-accordion-content\">\n\t<div class=\"qodef-accordion-content-inner\">\n\t\t\n\t<div class=\"wpb_text_column wpb_content_element\" >\n\t\t<div class=\"wpb_wrapper\">\n\t\t\t<p>Ob\u011b p\u0159\u00edchuti jsou v\u00fdta\u017eky z rodu rostlin Mentha. Hlavn\u00edm rozd\u00edlem je obsah mentolu v t\u011bchto rostlin\u00e1ch.<\/p>\n\n\t\t<\/div>\n\t<\/div>\n\t<\/div>\n<\/div><h3 class=\"qodef-accordion-title\">\n    <span class=\"qodef-additional-tag\"> 04 <\/span>\n\t<span class=\"qodef-tab-title\">M\u016f\u017eete n\u00e1m \u017ev\u00fdka\u010dky zabalit i do jin\u00fdch typ\u016f obal\u016f?<\/span>\n    <span class=\"qodef-accordion-mark\">\n\t\t<span class=\"qodef_icon_plus icon_plus\"><\/span>\n\t\t<span class=\"qodef_icon_minus icon_minus-06\"><\/span>\n\t<\/span>\n<\/h3>\n<div class=\"qodef-accordion-content\">\n\t<div class=\"qodef-accordion-content-inner\">\n\t\t\n\t<div class=\"wpb_text_column wpb_content_element\" >\n\t\t<div class=\"wpb_wrapper\">\n\t\t\t<p>Na na\u0161i nab\u00eddku standardn\u00edch zp\u016fsob\u016f balen\u00ed se m\u016f\u017eete pod\u00edvat na na\u0161ich str\u00e1nk\u00e1ch. V p\u0159\u00edpad\u011b z\u00e1jmu o jin\u00fd typ obalu n\u00e1s pros\u00edm kontaktujte. V\u0161echno je mo\u017en\u00e9.<\/p>\n\n\t\t<\/div>\n\t<\/div>\n\t<\/div>\n<\/div><h3 class=\"qodef-accordion-title\">\n    <span class=\"qodef-additional-tag\"> 05 <\/span>\n\t<span class=\"qodef-tab-title\">Nab\u00edz\u00edte i priv\u00e1tn\u00ed zna\u010dku balen\u00ed \u017ev\u00fdka\u010dek?<\/span>\n    <span class=\"qodef-accordion-mark\">\n\t\t<span class=\"qodef_icon_plus icon_plus\"><\/span>\n\t\t<span class=\"qodef_icon_minus icon_minus-06\"><\/span>\n\t<\/span>\n<\/h3>\n<div class=\"qodef-accordion-content\">\n\t<div class=\"qodef-accordion-content-inner\">\n\t\t\n\t<div class=\"wpb_text_column wpb_content_element\" >\n\t\t<div class=\"wpb_wrapper\">\n\t\t\t<p>Ano, na\u0161im z\u00e1kazn\u00edk\u016fm dok\u00e1\u017eeme zabalit \u017ev\u00fdka\u010dky i pod jejich priv\u00e1tn\u00ed zna\u010dkou. Pro v\u00edce informac\u00ed n\u00e1s pros\u00edm kontaktujte.<\/p>\n\n\t\t<\/div>\n\t<\/div>\n\t<\/div>\n<\/div><\/div>\t\t<\/div>\n\t<\/div>\n<\/div><\/div><\/div><\/div><\/div><div class=\"wpb_column vc_column_container vc_col-sm-12 vc_col-lg-offset-0 vc_col-lg-3 vc_col-md-offset-0 vc_col-md-12 vc_col-sm-offset-0\"><div class=\"vc_column-inner\"><div class=\"wpb_wrapper\"><div class=\"qodef-elements-holder   qodef-one-column  qodef-responsive-mode-768\" ><div class=\"qodef-eh-item\"  data-item-class=\"qodef-eh-custom-1645\" data-768-1024=\"0% 0px 0px 0px\" data-680=\"0% 0px 25% 0px\">\n\t<div class=\"qodef-eh-item-inner\">\n\t\t<div class=\"qodef-eh-item-content qodef-eh-custom-1645\" style=\"padding: 7px 0px 0px 0px\">\n\t\t\t<div  class=\"wpb_widgetised_column wpb_content_element\">\n\t\t<div class=\"wpb_wrapper\">\n\t\t\t\n\t\t\t\n\t\t<\/div>\n\t<\/div>\n\t\t<\/div>\n\t<\/div>\n<\/div><\/div><\/div><\/div><\/div><\/div><\/div><\/div>","protected":false},"excerpt":{"rendered":"What are the lead times for your products? The delivery time of an order depends on the selected product. Please look into the product section for more information. 01 What is your gum composition? We try to keep the composition [...]","protected":false},"author":1,"featured_media":0,"parent":0,"menu_order":0,"comment_status":"closed","ping_status":"closed","template":"","meta":{"_monsterinsights_skip_tracking":false,"_monsterinsights_sitenote_active":false,"_monsterinsights_sitenote_note":"","_monsterinsights_sitenote_category":0},"yoast_head":"<!-- This site is optimized with the Yoast SEO plugin v16.9 - https:\/\/yoast.com\/wordpress\/plugins\/seo\/ -->\n<title>FAQ - My chewing gum<\/title>\n<meta name=\"description\" content=\"Here are our FAQ. You find here something about our gum composition, flavors what we offer or if we provide private label services. You find here every FAQ.\" \/>\n<meta name=\"robots\" content=\"index, follow, max-snippet:-1, max-image-preview:large, max-video-preview:-1\" \/>\n<link rel=\"canonical\" href=\"https:\/\/www.mychewinggum.com\/cs\/faq\/\" \/>\n<meta property=\"og:locale\" content=\"cs_CZ\" \/>\n<meta property=\"og:type\" content=\"article\" \/>\n<meta property=\"og:title\" content=\"FAQ - My chewing gum\" \/>\n<meta property=\"og:description\" content=\"Here are our FAQ. You find here something about our gum composition, flavors what we offer or if we provide private label services. You find here every FAQ.\" \/>\n<meta property=\"og:url\" content=\"https:\/\/www.mychewinggum.com\/cs\/faq\/\" \/>\n<meta property=\"og:site_name\" content=\"My chewing gum\" \/>\n<meta property=\"article:modified_time\" content=\"2021-09-28T19:38:00+00:00\" \/>\n<meta name=\"twitter:card\" content=\"summary_large_image\" \/>\n<meta name=\"twitter:label1\" content=\"Odhadovan\u00e1 doba \u010dten\u00ed\" \/>\n\t<meta name=\"twitter:data1\" content=\"3 minuty\" \/>\n<script type=\"application\/ld+json\" class=\"yoast-schema-graph\">{\"@context\":\"https:\/\/schema.org\",\"@graph\":[{\"@type\":\"WebSite\",\"@id\":\"https:\/\/www.mychewinggum.com\/#website\",\"url\":\"https:\/\/www.mychewinggum.com\/\",\"name\":\"My chewing gum\",\"description\":\"\\u017duva\\u010dky s vlastnou potla\\u010dou\",\"potentialAction\":[{\"@type\":\"SearchAction\",\"target\":{\"@type\":\"EntryPoint\",\"urlTemplate\":\"https:\/\/www.mychewinggum.com\/?s={search_term_string}\"},\"query-input\":\"required name=search_term_string\"}],\"inLanguage\":\"cs\"},{\"@type\":\"WebPage\",\"@id\":\"https:\/\/www.mychewinggum.com\/faq\/#webpage\",\"url\":\"https:\/\/www.mychewinggum.com\/faq\/\",\"name\":\"FAQ - My chewing gum\",\"isPartOf\":{\"@id\":\"https:\/\/www.mychewinggum.com\/#website\"},\"datePublished\":\"2017-10-18T08:50:13+00:00\",\"dateModified\":\"2021-09-28T19:38:00+00:00\",\"description\":\"Here are our FAQ. You find here something about our gum composition, flavors what we offer or if we provide private label services. You find here every FAQ.\",\"breadcrumb\":{\"@id\":\"https:\/\/www.mychewinggum.com\/faq\/#breadcrumb\"},\"inLanguage\":\"cs\",\"potentialAction\":[{\"@type\":\"ReadAction\",\"target\":[\"https:\/\/www.mychewinggum.com\/faq\/\"]}]},{\"@type\":\"BreadcrumbList\",\"@id\":\"https:\/\/www.mychewinggum.com\/faq\/#breadcrumb\",\"itemListElement\":[{\"@type\":\"ListItem\",\"position\":1,\"name\":\"Home\",\"item\":\"https:\/\/www.mychewinggum.com\/\"},{\"@type\":\"ListItem\",\"position\":2,\"name\":\"FAQ\"}]}]}<\/script>\n<!-- \/ Yoast SEO plugin. -->","yoast_head_json":{"title":"FAQ - My chewing gum","description":"Here are our FAQ. You find here something about our gum composition, flavors what we offer or if we provide private label services. You find here every FAQ.","robots":{"index":"index","follow":"follow","max-snippet":"max-snippet:-1","max-image-preview":"max-image-preview:large","max-video-preview":"max-video-preview:-1"},"canonical":"https:\/\/www.mychewinggum.com\/cs\/faq\/","og_locale":"cs_CZ","og_type":"article","og_title":"FAQ - My chewing gum","og_description":"Here are our FAQ. You find here something about our gum composition, flavors what we offer or if we provide private label services. You find here every FAQ.","og_url":"https:\/\/www.mychewinggum.com\/cs\/faq\/","og_site_name":"My chewing gum","article_modified_time":"2021-09-28T19:38:00+00:00","twitter_card":"summary_large_image","twitter_misc":{"Odhadovan\u00e1 doba \u010dten\u00ed":"3 minuty"},"schema":{"@context":"https:\/\/schema.org","@graph":[{"@type":"WebSite","@id":"https:\/\/www.mychewinggum.com\/#website","url":"https:\/\/www.mychewinggum.com\/","name":"My chewing gum","description":"\u017duva\u010dky s vlastnou potla\u010dou","potentialAction":[{"@type":"SearchAction","target":{"@type":"EntryPoint","urlTemplate":"https:\/\/www.mychewinggum.com\/?s={search_term_string}"},"query-input":"required name=search_term_string"}],"inLanguage":"cs"},{"@type":"WebPage","@id":"https:\/\/www.mychewinggum.com\/faq\/#webpage","url":"https:\/\/www.mychewinggum.com\/faq\/","name":"FAQ - My chewing gum","isPartOf":{"@id":"https:\/\/www.mychewinggum.com\/#website"},"datePublished":"2017-10-18T08:50:13+00:00","dateModified":"2021-09-28T19:38:00+00:00","description":"Here are our FAQ. You find here something about our gum composition, flavors what we offer or if we provide private label services. You find here every FAQ.","breadcrumb":{"@id":"https:\/\/www.mychewinggum.com\/faq\/#breadcrumb"},"inLanguage":"cs","potentialAction":[{"@type":"ReadAction","target":["https:\/\/www.mychewinggum.com\/faq\/"]}]},{"@type":"BreadcrumbList","@id":"https:\/\/www.mychewinggum.com\/faq\/#breadcrumb","itemListElement":[{"@type":"ListItem","position":1,"name":"Home","item":"https:\/\/www.mychewinggum.com\/"},{"@type":"ListItem","position":2,"name":"FAQ"}]}]}},"_links":{"self":[{"href":"https:\/\/www.mychewinggum.com\/cs\/wp-json\/wp\/v2\/pages\/288"}],"collection":[{"href":"https:\/\/www.mychewinggum.com\/cs\/wp-json\/wp\/v2\/pages"}],"about":[{"href":"https:\/\/www.mychewinggum.com\/cs\/wp-json\/wp\/v2\/types\/page"}],"author":[{"embeddable":true,"href":"https:\/\/www.mychewinggum.com\/cs\/wp-json\/wp\/v2\/users\/1"}],"replies":[{"embeddable":true,"href":"https:\/\/www.mychewinggum.com\/cs\/wp-json\/wp\/v2\/comments?post=288"}],"version-history":[{"count":2,"href":"https:\/\/www.mychewinggum.com\/cs\/wp-json\/wp\/v2\/pages\/288\/revisions"}],"predecessor-version":[{"id":4845,"href":"https:\/\/www.mychewinggum.com\/cs\/wp-json\/wp\/v2\/pages\/288\/revisions\/4845"}],"wp:attachment":[{"href":"https:\/\/www.mychewinggum.com\/cs\/wp-json\/wp\/v2\/media?parent=288"}],"curies":[{"name":"wp","href":"https:\/\/api.w.org\/{rel}","templated":true}]}}