{"id":288,"date":"2017-10-18T08:50:13","date_gmt":"2017-10-18T08:50:13","guid":{"rendered":"http:\/\/aoki.select-themes.com\/?page_id=288"},"modified":"2021-09-28T19:38:00","modified_gmt":"2021-09-28T19:38:00","slug":"faq","status":"publish","type":"page","link":"https:\/\/www.mychewinggum.com\/de\/faq\/","title":{"rendered":"FAQ"},"content":{"rendered":"<div class=\"qodef-row-grid-section-wrapper\"  ><div class=\"qodef-row-grid-section\"><div class=\"vc_row wpb_row vc_row-fluid vc_custom_1509089308685\" ><div class=\"wpb_column vc_column_container vc_col-sm-12 vc_col-lg-offset-0 vc_col-lg-9 vc_col-md-offset-0 vc_col-md-12 vc_col-sm-offset-0\"><div class=\"vc_column-inner\"><div class=\"wpb_wrapper\"><div class=\"qodef-elements-holder   qodef-one-column  qodef-responsive-mode-768\" ><div class=\"qodef-eh-item\"  data-item-class=\"qodef-eh-custom-4260\" data-768-1024=\"13% 0px 10% 0px\" data-680-768=\"16% 0px 10% 0px\">\n\t<div class=\"qodef-eh-item-inner\">\n\t\t<div class=\"qodef-eh-item-content qodef-eh-custom-4260\" style=\"padding: 0px 0px 0px 0px\">\n\t\t\t<div class=\"qodef-section-title-holder  qodef-st-standard qodef-st-title-left qodef-st-normal-space\" >\n\t<div class=\"qodef-st-inner\">\n\t\t\t\t\t<h2 class=\"qodef-st-title\" >\n\t\t\t\tWie lange muss ich auf die Kaugummis warten?\t\t\t<\/h2>\n\t\t                    <div class=\"qodef-separator-holder clearfix  qodef-separator-position\">\n\t<div class=\"qodef-separator\" style=\"margin-top: 21px;margin-bottom: 11px\"><\/div>\n<\/div>\n        \t\t\t\t\t<h4 class=\"qodef-st-text\" >\n\t\t\t\tDie Lieferzeit h\u00e4ngt vom ausgew\u00e4hlten Produkt ab. Weitere Informationen finden Sie im Abschnitt Produkte.\t\t\t<\/h4>\n\t\t\t<\/div>\n<\/div>\n<div class=\"vc_empty_space\"   style=\"height: 13px\"><span class=\"vc_empty_space_inner\"><\/span><\/div><div class=\"qodef-accordion-holder qodef-ac-default  qodef-accordion qodef-ac-simple  clearfix\">\n\t<h3 class=\"qodef-accordion-title\">\n    <span class=\"qodef-additional-tag\"> 01 <\/span>\n\t<span class=\"qodef-tab-title\">Woraus bestehen die Kaugummis?<\/span>\n    <span class=\"qodef-accordion-mark\">\n\t\t<span class=\"qodef_icon_plus icon_plus\"><\/span>\n\t\t<span class=\"qodef_icon_minus icon_minus-06\"><\/span>\n\t<\/span>\n<\/h3>\n<div class=\"qodef-accordion-content\">\n\t<div class=\"qodef-accordion-content-inner\">\n\t\t\n\t<div class=\"wpb_text_column wpb_content_element\" >\n\t\t<div class=\"wpb_wrapper\">\n\t\t\t<p>Wir bem\u00fchen uns, die Inhaltsstoffe unseres Kaugummis so nat\u00fcrlich wie m\u00f6glich zu gestalten, aber vor allem sind wir stolz darauf, dass unser Kaugummi weder den k\u00fcnstlichen S\u00fc\u00dfstoff ASPARTAM noch k\u00fcnstliche Farb- und Geschmacksstoffe enth\u00e4lt, die Sie bei nahezu jeder anderen Kaugummimarke finden.<\/p>\n<p>Die Kaugummis enthalten Maltit, Sorbit, Sucralose, Xylitol, Gummibasis (enth\u00e4lt Antioxidans: tocopherolreicher Extrakt), Gummi arabicum, nat\u00fcrliches Minzaroma, Glycerin und Karnaubawachs.<\/p>\n<p>&nbsp;<\/p>\n<p>Sorbit ist ein Extrakt des Zuckers Glukose. Dies ist ein nat\u00fcrlicher Bestandteil jeder Frucht. Sorbit wird als S\u00fc\u00dfungsmittel, aber auch als Verdickungsmittel verwendet, das f\u00fcr Diabetiker geeignet ist.<\/p>\n<p>&nbsp;<\/p>\n<p>Maltit ist ein nat\u00fcrlicher S\u00fc\u00dfstoff, der aus St\u00e4rke gewonnen wird und so s\u00fc\u00df wie klassischer Zucker ist, aber keine Karies verursacht. Es ist ein Stabilisator und Feuchthaltemittel.<\/p>\n<p>&nbsp;<\/p>\n<p>Xylit ist ein nat\u00fcrlich vorkommender Zuckerersatzstoff, der in den meisten Pflanzen vorkommt,\neinschlie\u00dflich vieler Obst- und Gem\u00fcsesorten. Xylit wird als Zuckerersatz in \u201ezuckerfreien\u201c\nKaugummis und anderen S\u00fc\u00dfigkeiten verwendet.<\/p>\n<p>&nbsp;<\/p>\n<p>Sucralose ist ein kalorienfreier S\u00fc\u00dfstoff, der die Z\u00e4hne nicht sch\u00e4digt und im K\u00f6rper nicht verstoffwechselt wird. Es ist f\u00fcr Diabetiker geeignet, da es den Insulinspiegel im Blut nicht beeinflusst.<\/p>\n<p>&nbsp;<\/p>\n<p>Gummi arabicum ist einer der \u00e4ltesten nat\u00fcrlichen Emulgatoren. Es wird als Verdickungsmittel, Stabilisator, Feuchthaltemittel und Emulgator verwendet. Man hat nachgewiesen, dass es den Cholesterinspiegel senken und sich positiv auf die Darmflora auswirken kann.<\/p>\n<p>&nbsp;<\/p>\n<p>Das nat\u00fcrliche Minzaroma der Kaugummis Artic wird durch \u00e4therische Pfefferminz\u00f6le erreicht. Wir verwenden keine k\u00fcnstlichen Aromen oder Farbstoffe.<\/p>\n<p>&nbsp;<\/p>\n<p>Glycerin ist eine farblose viskose Fl\u00fcssigkeit ohne Geruch und von s\u00fc\u00dfem Geschmack. Es entsteht bei der Fermentation verschiedener nat\u00fcrlicher Stoffe und kommt in der Natur meist gebunden an andere Stoffe vor.<\/p>\n<p>&nbsp;<\/p>\n<p>Karnaubawachs ist ein Wachs, das aus den Bl\u00e4ttern der tropischen Palme Copernicia cerifera gewonnen wird, die in Brasilien w\u00e4chst. Dies ist eine hellgelbe, harte, schimmernde Substanz mit einem angenehmen Geruch, die keine negativen Auswirkungen hat.<\/p>\n<p>&nbsp;<\/p>\n<p>Tocopherol ist nur die technische Bezeichnung f\u00fcr nat\u00fcrliches Vitamin E. Vitamin E gilt als ein wirksames Antioxidans. Es beeinflusst die Produktion roter Blutk\u00f6rperchen, ist an der Regeneration und dem Wachstum von Muskelmasse und anderem Gewebe beteiligt.<\/p>\n\n\t\t<\/div>\n\t<\/div>\n\t<\/div>\n<\/div><h3 class=\"qodef-accordion-title\">\n    <span class=\"qodef-additional-tag\"> 02 <\/span>\n\t<span class=\"qodef-tab-title\">Welche Geschmacksrichtungen bieten Sie an?<\/span>\n    <span class=\"qodef-accordion-mark\">\n\t\t<span class=\"qodef_icon_plus icon_plus\"><\/span>\n\t\t<span class=\"qodef_icon_minus icon_minus-06\"><\/span>\n\t<\/span>\n<\/h3>\n<div class=\"qodef-accordion-content\">\n\t<div class=\"qodef-accordion-content-inner\">\n\t\t\n\t<div class=\"wpb_text_column wpb_content_element\" >\n\t\t<div class=\"wpb_wrapper\">\n\t\t\t<p>Unsere Premium-Dragee-Kaugummis bieten wir in den beiden beliebtesten Geschmacksrichtungen Peppermint und Spearmint an. Andere Geschmacksrichtungen sind auf Anfrage erh\u00e4ltlich.<\/p>\n\n\t\t<\/div>\n\t<\/div>\n\t<\/div>\n<\/div><h3 class=\"qodef-accordion-title\">\n    <span class=\"qodef-additional-tag\"> 03 <\/span>\n\t<span class=\"qodef-tab-title\">Was ist der Unterschied zwischen den Geschmacksrichtungen Peppermint und Spearmint?<\/span>\n    <span class=\"qodef-accordion-mark\">\n\t\t<span class=\"qodef_icon_plus icon_plus\"><\/span>\n\t\t<span class=\"qodef_icon_minus icon_minus-06\"><\/span>\n\t<\/span>\n<\/h3>\n<div class=\"qodef-accordion-content\">\n\t<div class=\"qodef-accordion-content-inner\">\n\t\t\n\t<div class=\"wpb_text_column wpb_content_element\" >\n\t\t<div class=\"wpb_wrapper\">\n\t\t\t<p>Beide Geschmacksrichtungen sind Extrakte aus der Familie der Mentha-Pflanzen. Der Hauptunterschied ist der Mentholgehalt in diesen Pflanzen.<\/p>\n\n\t\t<\/div>\n\t<\/div>\n\t<\/div>\n<\/div><h3 class=\"qodef-accordion-title\">\n    <span class=\"qodef-additional-tag\"> 04 <\/span>\n\t<span class=\"qodef-tab-title\">K\u00f6nnen Sie uns die Kaugummis auch in andere Arten von Verpackungen abf\u00fcllen?<\/span>\n    <span class=\"qodef-accordion-mark\">\n\t\t<span class=\"qodef_icon_plus icon_plus\"><\/span>\n\t\t<span class=\"qodef_icon_minus icon_minus-06\"><\/span>\n\t<\/span>\n<\/h3>\n<div class=\"qodef-accordion-content\">\n\t<div class=\"qodef-accordion-content-inner\">\n\t\t\n\t<div class=\"wpb_text_column wpb_content_element\" >\n\t\t<div class=\"wpb_wrapper\">\n\t\t\t<p>Unsere Standardverpackungen finden Sie auf unserer Webseite. Bei Interesse an einer anderen Verpackung kontaktieren Sie uns bitte. Alles ist m\u00f6glich.<\/p>\n\n\t\t<\/div>\n\t<\/div>\n\t<\/div>\n<\/div><h3 class=\"qodef-accordion-title\">\n    <span class=\"qodef-additional-tag\"> 05 <\/span>\n\t<span class=\"qodef-tab-title\">Machen Sie auch Private-Label-Verpackungen f\u00fcr Kaugummis?<\/span>\n    <span class=\"qodef-accordion-mark\">\n\t\t<span class=\"qodef_icon_plus icon_plus\"><\/span>\n\t\t<span class=\"qodef_icon_minus icon_minus-06\"><\/span>\n\t<\/span>\n<\/h3>\n<div class=\"qodef-accordion-content\">\n\t<div class=\"qodef-accordion-content-inner\">\n\t\t\n\t<div class=\"wpb_text_column wpb_content_element\" >\n\t\t<div class=\"wpb_wrapper\">\n\t\t\t<p>Ja, wir k\u00f6nnen Kaugummi f\u00fcr unsere Kunden auch unter ihrer Eigenmarke verpacken. F\u00fcr weitere Informationen kontaktieren Sie uns bitte.<\/p>\n\n\t\t<\/div>\n\t<\/div>\n\t<\/div>\n<\/div><\/div>\t\t<\/div>\n\t<\/div>\n<\/div><\/div><\/div><\/div><\/div><div class=\"wpb_column vc_column_container vc_col-sm-12 vc_col-lg-offset-0 vc_col-lg-3 vc_col-md-offset-0 vc_col-md-12 vc_col-sm-offset-0\"><div class=\"vc_column-inner\"><div class=\"wpb_wrapper\"><div class=\"qodef-elements-holder   qodef-one-column  qodef-responsive-mode-768\" ><div class=\"qodef-eh-item\"  data-item-class=\"qodef-eh-custom-9541\" data-768-1024=\"0% 0px 0px 0px\" data-680=\"0% 0px 25% 0px\">\n\t<div class=\"qodef-eh-item-inner\">\n\t\t<div class=\"qodef-eh-item-content qodef-eh-custom-9541\" style=\"padding: 7px 0px 0px 0px\">\n\t\t\t<div  class=\"wpb_widgetised_column wpb_content_element\">\n\t\t<div class=\"wpb_wrapper\">\n\t\t\t\n\t\t\t\n\t\t<\/div>\n\t<\/div>\n\t\t<\/div>\n\t<\/div>\n<\/div><\/div><\/div><\/div><\/div><\/div><\/div><\/div>","protected":false},"excerpt":{"rendered":"What are the lead times for your products? The delivery time of an order depends on the selected product. Please look into the product section for more information. 01 What is your gum composition? We try to keep the composition [...]","protected":false},"author":1,"featured_media":0,"parent":0,"menu_order":0,"comment_status":"closed","ping_status":"closed","template":"","meta":{"_monsterinsights_skip_tracking":false,"_monsterinsights_sitenote_active":false,"_monsterinsights_sitenote_note":"","_monsterinsights_sitenote_category":0},"yoast_head":"<!-- This site is optimized with the Yoast SEO plugin v16.9 - https:\/\/yoast.com\/wordpress\/plugins\/seo\/ -->\n<title>FAQ - My chewing gum<\/title>\n<meta name=\"description\" content=\"Here are our FAQ. You find here something about our gum composition, flavors what we offer or if we provide private label services. You find here every FAQ.\" \/>\n<meta name=\"robots\" content=\"index, follow, max-snippet:-1, max-image-preview:large, max-video-preview:-1\" \/>\n<link rel=\"canonical\" href=\"https:\/\/www.mychewinggum.com\/de\/faq\/\" \/>\n<meta property=\"og:locale\" content=\"de_DE\" \/>\n<meta property=\"og:type\" content=\"article\" \/>\n<meta property=\"og:title\" content=\"FAQ - My chewing gum\" \/>\n<meta property=\"og:description\" content=\"Here are our FAQ. You find here something about our gum composition, flavors what we offer or if we provide private label services. You find here every FAQ.\" \/>\n<meta property=\"og:url\" content=\"https:\/\/www.mychewinggum.com\/de\/faq\/\" \/>\n<meta property=\"og:site_name\" content=\"My chewing gum\" \/>\n<meta property=\"article:modified_time\" content=\"2021-09-28T19:38:00+00:00\" \/>\n<meta name=\"twitter:card\" content=\"summary_large_image\" \/>\n<meta name=\"twitter:label1\" content=\"Gesch\u00e4tzte Lesezeit\" \/>\n\t<meta name=\"twitter:data1\" content=\"3\u00a0Minuten\" \/>\n<script type=\"application\/ld+json\" class=\"yoast-schema-graph\">{\"@context\":\"https:\/\/schema.org\",\"@graph\":[{\"@type\":\"WebSite\",\"@id\":\"https:\/\/www.mychewinggum.com\/#website\",\"url\":\"https:\/\/www.mychewinggum.com\/\",\"name\":\"My chewing gum\",\"description\":\"\\u017duva\\u010dky s vlastnou potla\\u010dou\",\"potentialAction\":[{\"@type\":\"SearchAction\",\"target\":{\"@type\":\"EntryPoint\",\"urlTemplate\":\"https:\/\/www.mychewinggum.com\/?s={search_term_string}\"},\"query-input\":\"required name=search_term_string\"}],\"inLanguage\":\"de\"},{\"@type\":\"WebPage\",\"@id\":\"https:\/\/www.mychewinggum.com\/faq\/#webpage\",\"url\":\"https:\/\/www.mychewinggum.com\/faq\/\",\"name\":\"FAQ - My chewing gum\",\"isPartOf\":{\"@id\":\"https:\/\/www.mychewinggum.com\/#website\"},\"datePublished\":\"2017-10-18T08:50:13+00:00\",\"dateModified\":\"2021-09-28T19:38:00+00:00\",\"description\":\"Here are our FAQ. You find here something about our gum composition, flavors what we offer or if we provide private label services. You find here every FAQ.\",\"breadcrumb\":{\"@id\":\"https:\/\/www.mychewinggum.com\/faq\/#breadcrumb\"},\"inLanguage\":\"de\",\"potentialAction\":[{\"@type\":\"ReadAction\",\"target\":[\"https:\/\/www.mychewinggum.com\/faq\/\"]}]},{\"@type\":\"BreadcrumbList\",\"@id\":\"https:\/\/www.mychewinggum.com\/faq\/#breadcrumb\",\"itemListElement\":[{\"@type\":\"ListItem\",\"position\":1,\"name\":\"Home\",\"item\":\"https:\/\/www.mychewinggum.com\/\"},{\"@type\":\"ListItem\",\"position\":2,\"name\":\"FAQ\"}]}]}<\/script>\n<!-- \/ Yoast SEO plugin. -->","yoast_head_json":{"title":"FAQ - My chewing gum","description":"Here are our FAQ. You find here something about our gum composition, flavors what we offer or if we provide private label services. You find here every FAQ.","robots":{"index":"index","follow":"follow","max-snippet":"max-snippet:-1","max-image-preview":"max-image-preview:large","max-video-preview":"max-video-preview:-1"},"canonical":"https:\/\/www.mychewinggum.com\/de\/faq\/","og_locale":"de_DE","og_type":"article","og_title":"FAQ - My chewing gum","og_description":"Here are our FAQ. You find here something about our gum composition, flavors what we offer or if we provide private label services. You find here every FAQ.","og_url":"https:\/\/www.mychewinggum.com\/de\/faq\/","og_site_name":"My chewing gum","article_modified_time":"2021-09-28T19:38:00+00:00","twitter_card":"summary_large_image","twitter_misc":{"Gesch\u00e4tzte Lesezeit":"3\u00a0Minuten"},"schema":{"@context":"https:\/\/schema.org","@graph":[{"@type":"WebSite","@id":"https:\/\/www.mychewinggum.com\/#website","url":"https:\/\/www.mychewinggum.com\/","name":"My chewing gum","description":"\u017duva\u010dky s vlastnou potla\u010dou","potentialAction":[{"@type":"SearchAction","target":{"@type":"EntryPoint","urlTemplate":"https:\/\/www.mychewinggum.com\/?s={search_term_string}"},"query-input":"required name=search_term_string"}],"inLanguage":"de"},{"@type":"WebPage","@id":"https:\/\/www.mychewinggum.com\/faq\/#webpage","url":"https:\/\/www.mychewinggum.com\/faq\/","name":"FAQ - My chewing gum","isPartOf":{"@id":"https:\/\/www.mychewinggum.com\/#website"},"datePublished":"2017-10-18T08:50:13+00:00","dateModified":"2021-09-28T19:38:00+00:00","description":"Here are our FAQ. You find here something about our gum composition, flavors what we offer or if we provide private label services. You find here every FAQ.","breadcrumb":{"@id":"https:\/\/www.mychewinggum.com\/faq\/#breadcrumb"},"inLanguage":"de","potentialAction":[{"@type":"ReadAction","target":["https:\/\/www.mychewinggum.com\/faq\/"]}]},{"@type":"BreadcrumbList","@id":"https:\/\/www.mychewinggum.com\/faq\/#breadcrumb","itemListElement":[{"@type":"ListItem","position":1,"name":"Home","item":"https:\/\/www.mychewinggum.com\/"},{"@type":"ListItem","position":2,"name":"FAQ"}]}]}},"_links":{"self":[{"href":"https:\/\/www.mychewinggum.com\/de\/wp-json\/wp\/v2\/pages\/288"}],"collection":[{"href":"https:\/\/www.mychewinggum.com\/de\/wp-json\/wp\/v2\/pages"}],"about":[{"href":"https:\/\/www.mychewinggum.com\/de\/wp-json\/wp\/v2\/types\/page"}],"author":[{"embeddable":true,"href":"https:\/\/www.mychewinggum.com\/de\/wp-json\/wp\/v2\/users\/1"}],"replies":[{"embeddable":true,"href":"https:\/\/www.mychewinggum.com\/de\/wp-json\/wp\/v2\/comments?post=288"}],"version-history":[{"count":2,"href":"https:\/\/www.mychewinggum.com\/de\/wp-json\/wp\/v2\/pages\/288\/revisions"}],"predecessor-version":[{"id":4845,"href":"https:\/\/www.mychewinggum.com\/de\/wp-json\/wp\/v2\/pages\/288\/revisions\/4845"}],"wp:attachment":[{"href":"https:\/\/www.mychewinggum.com\/de\/wp-json\/wp\/v2\/media?parent=288"}],"curies":[{"name":"wp","href":"https:\/\/api.w.org\/{rel}","templated":true}]}}