{"id":2955,"date":"2017-11-03T09:26:57","date_gmt":"2017-11-03T09:26:57","guid":{"rendered":"http:\/\/aoki.select-themes.com\/?page_id=2955"},"modified":"2021-09-29T17:09:49","modified_gmt":"2021-09-29T17:09:49","slug":"what-we-do","status":"publish","type":"page","link":"https:\/\/www.mychewinggum.com\/de\/what-we-do\/","title":{"rendered":"Was Wir Tun"},"content":{"rendered":"<div class=\"vc_row wpb_row vc_row-fluid\" ><div class=\"wpb_column vc_column_container vc_col-sm-12\"><div class=\"vc_column-inner\"><div class=\"wpb_wrapper\"><div class=\"qodef-elements-holder   qodef-three-columns  qodef-responsive-mode-1024\" ><div class=\"qodef-eh-item\"  data-item-class=\"qodef-eh-custom-1674\" data-1280-1600=\"0px 15% 9px 11.4%\" data-1024-1280=\"0px 5% 5px 8.4%\" data-768-1024=\"29% 32% 33% 15.4%\" data-680-768=\"27% 19% 31% 15.4%\" data-680=\"19% 19% 24% 15.4%\">\n\t<div class=\"qodef-eh-item-inner\">\n\t\t<div class=\"qodef-eh-item-content qodef-eh-custom-1674\" style=\"padding: 0px 19% 5px 15.4%\">\n\t\t\t<div class=\"qodef-section-title-holder  qodef-st-standard qodef-st-title-left qodef-st-normal-space\" >\n\t<div class=\"qodef-st-inner\">\n\t\t\t\t\t<h2 class=\"qodef-st-title\" >\n\t\t\t\tWir verpacken Kaugummis\t\t\t<\/h2>\n\t\t                    <div class=\"qodef-separator-holder clearfix  qodef-separator-position\">\n\t<div class=\"qodef-separator\" style=\"margin-top: 21px;margin-bottom: 11px\"><\/div>\n<\/div>\n        \t\t\t\t\t<h4 class=\"qodef-st-text\" style=\"font-weight: 600\">\n\t\t\t\tEinzeln verpackte Kaugummis, Blisterpackungen, Doypacks und vieles mehr.\t\t\t<\/h4>\n\t\t\t<\/div>\n<\/div>\n\t\t<\/div>\n\t<\/div>\n<\/div><div class=\"qodef-eh-item\"  data-item-class=\"qodef-eh-custom-9271\">\n\t<div class=\"qodef-eh-item-inner\">\n\t\t<div class=\"qodef-eh-item-content qodef-eh-custom-9271\" style=\"padding: 0px 0px 0px 0px\">\n\t\t\t<div class=\"qodef-single-image-holder   qodef-image-behavior-zoom\">\n    <div class=\"qodef-si-inner\">\n                                    <img width=\"1025\" height=\"1025\" src=\"https:\/\/www.mychewinggum.com\/wp-content\/uploads\/2021\/09\/gum-wwd.jpg\" class=\"attachment-full size-full\" alt=\"own-min1\" loading=\"lazy\" srcset=\"https:\/\/www.mychewinggum.com\/wp-content\/uploads\/2021\/09\/gum-wwd.jpg 1025w, https:\/\/www.mychewinggum.com\/wp-content\/uploads\/2021\/09\/gum-wwd-300x300.jpg 300w, https:\/\/www.mychewinggum.com\/wp-content\/uploads\/2021\/09\/gum-wwd-150x150.jpg 150w, https:\/\/www.mychewinggum.com\/wp-content\/uploads\/2021\/09\/gum-wwd-768x768.jpg 768w, https:\/\/www.mychewinggum.com\/wp-content\/uploads\/2021\/09\/gum-wwd-12x12.jpg 12w, https:\/\/www.mychewinggum.com\/wp-content\/uploads\/2021\/09\/gum-wwd-550x550.jpg 550w\" sizes=\"(max-width: 1025px) 100vw, 1025px\" \/>                        <\/div>\n<\/div>\t\t<\/div>\n\t<\/div>\n<\/div><div class=\"qodef-eh-item\"  data-item-class=\"qodef-eh-custom-7454\">\n\t<div class=\"qodef-eh-item-inner\">\n\t\t<div class=\"qodef-eh-item-content qodef-eh-custom-7454\" style=\"padding: 0px 0px 0px 0px\">\n\t\t\t<div class=\"qodef-single-image-holder   qodef-image-behavior-zoom\">\n    <div class=\"qodef-si-inner\">\n                                    <img width=\"1025\" height=\"1025\" src=\"https:\/\/www.mychewinggum.com\/wp-content\/uploads\/2021\/09\/machine-wwd.jpg\" class=\"attachment-full size-full\" alt=\"\" loading=\"lazy\" srcset=\"https:\/\/www.mychewinggum.com\/wp-content\/uploads\/2021\/09\/machine-wwd.jpg 1025w, https:\/\/www.mychewinggum.com\/wp-content\/uploads\/2021\/09\/machine-wwd-300x300.jpg 300w, https:\/\/www.mychewinggum.com\/wp-content\/uploads\/2021\/09\/machine-wwd-150x150.jpg 150w, https:\/\/www.mychewinggum.com\/wp-content\/uploads\/2021\/09\/machine-wwd-768x768.jpg 768w, https:\/\/www.mychewinggum.com\/wp-content\/uploads\/2021\/09\/machine-wwd-12x12.jpg 12w, https:\/\/www.mychewinggum.com\/wp-content\/uploads\/2021\/09\/machine-wwd-550x550.jpg 550w\" sizes=\"(max-width: 1025px) 100vw, 1025px\" \/>                        <\/div>\n<\/div>\t\t<\/div>\n\t<\/div>\n<\/div><\/div><\/div><\/div><\/div><\/div><div class=\"vc_row wpb_row vc_row-fluid\" ><div class=\"wpb_column vc_column_container vc_col-sm-12\"><div class=\"vc_column-inner\"><div class=\"wpb_wrapper\"><div class=\"qodef-elements-holder   qodef-three-columns  qodef-responsive-mode-1024\" ><div class=\"qodef-eh-item\"  data-item-class=\"qodef-eh-custom-5175\">\n\t<div class=\"qodef-eh-item-inner\">\n\t\t<div class=\"qodef-eh-item-content qodef-eh-custom-5175\" style=\"padding: 0px 0px 0px 0px\">\n\t\t\t<div class=\"qodef-single-image-holder   qodef-image-behavior-zoom\">\n    <div class=\"qodef-si-inner\">\n                                    <img width=\"1025\" height=\"1025\" src=\"https:\/\/www.mychewinggum.com\/wp-content\/uploads\/2021\/09\/single-wwd.jpg\" class=\"attachment-full size-full\" alt=\"own-min2\" loading=\"lazy\" srcset=\"https:\/\/www.mychewinggum.com\/wp-content\/uploads\/2021\/09\/single-wwd.jpg 1025w, https:\/\/www.mychewinggum.com\/wp-content\/uploads\/2021\/09\/single-wwd-300x300.jpg 300w, https:\/\/www.mychewinggum.com\/wp-content\/uploads\/2021\/09\/single-wwd-150x150.jpg 150w, https:\/\/www.mychewinggum.com\/wp-content\/uploads\/2021\/09\/single-wwd-768x768.jpg 768w, https:\/\/www.mychewinggum.com\/wp-content\/uploads\/2021\/09\/single-wwd-12x12.jpg 12w, https:\/\/www.mychewinggum.com\/wp-content\/uploads\/2021\/09\/single-wwd-550x550.jpg 550w\" sizes=\"(max-width: 1025px) 100vw, 1025px\" \/>                        <\/div>\n<\/div>\t\t<\/div>\n\t<\/div>\n<\/div><div class=\"qodef-eh-item\"  data-item-class=\"qodef-eh-custom-3238\" data-768-1024=\"0% 0px 0px 0px\" data-680-768=\"0% 0px 0px 0px\" data-680=\"0% 0px 0px 0px\">\n\t<div class=\"qodef-eh-item-inner\">\n\t\t<div class=\"qodef-eh-item-content qodef-eh-custom-3238\" style=\"padding: 0px 0px 0px 0px\">\n\t\t\t<div class=\"qodef-single-image-holder   qodef-image-behavior-zoom\">\n    <div class=\"qodef-si-inner\">\n                                    <img width=\"1025\" height=\"1025\" src=\"https:\/\/www.mychewinggum.com\/wp-content\/uploads\/2021\/09\/bowl-wwd.jpg\" class=\"attachment-full size-full\" alt=\"own-candy1\" loading=\"lazy\" srcset=\"https:\/\/www.mychewinggum.com\/wp-content\/uploads\/2021\/09\/bowl-wwd.jpg 1025w, https:\/\/www.mychewinggum.com\/wp-content\/uploads\/2021\/09\/bowl-wwd-300x300.jpg 300w, https:\/\/www.mychewinggum.com\/wp-content\/uploads\/2021\/09\/bowl-wwd-150x150.jpg 150w, https:\/\/www.mychewinggum.com\/wp-content\/uploads\/2021\/09\/bowl-wwd-768x768.jpg 768w, https:\/\/www.mychewinggum.com\/wp-content\/uploads\/2021\/09\/bowl-wwd-12x12.jpg 12w, https:\/\/www.mychewinggum.com\/wp-content\/uploads\/2021\/09\/bowl-wwd-550x550.jpg 550w\" sizes=\"(max-width: 1025px) 100vw, 1025px\" \/>                        <\/div>\n<\/div>\t\t<\/div>\n\t<\/div>\n<\/div><div class=\"qodef-eh-item\"  data-item-class=\"qodef-eh-custom-4595\" data-1280-1600=\"0px 35px 0px\" data-1024-1280=\"9px 24px 0px\" data-768-1024=\"22% 23%\" data-680-768=\"28% 113px 29% 84px\" data-680=\"62px 79px 62px\">\n\t<div class=\"qodef-eh-item-inner\">\n\t\t<div class=\"qodef-eh-item-content qodef-eh-custom-4595\" style=\"padding: 5px 78px 0px\">\n\t\t\t<div class=\"qodef-section-title-holder  qodef-st-standard qodef-st-title-left qodef-st-normal-space\" >\n\t<div class=\"qodef-st-inner\">\n\t\t\t\t\t<h2 class=\"qodef-st-title\" >\n\t\t\t\tSeparat verpackte Kaugummis\t\t\t<\/h2>\n\t\t                    <div class=\"qodef-separator-holder clearfix  qodef-separator-position\">\n\t<div class=\"qodef-separator\" style=\"margin-top: 21px;margin-bottom: 11px\"><\/div>\n<\/div>\n        \t\t\t\t\t<h4 class=\"qodef-st-text\" style=\"font-weight: 600\">\n\t\t\t\tSie sind ideal f\u00fcr den Einsatz in Restaurants und Hotels, eignen sich aber auch f\u00fcr jede Art von Firmenwerbung oder als ma\u00dfgeschneidertes Geschenk.\t\t\t<\/h4>\n\t\t\t<\/div>\n<\/div>\n\t\t<\/div>\n\t<\/div>\n<\/div><\/div><\/div><\/div><\/div><\/div><div class=\"vc_row wpb_row vc_row-fluid\" style=\"background-color:#000000\"><div class=\"wpb_column vc_column_container vc_col-sm-12\"><div class=\"vc_column-inner\"><div class=\"wpb_wrapper\"><div class=\"qodef-elements-holder   qodef-three-columns  qodef-responsive-mode-1024\" ><div class=\"qodef-eh-item    qodef-grow-in\"  data-item-class=\"qodef-eh-custom-2556\" data-animation=\"qodef-grow-in\">\n\t<div class=\"qodef-eh-item-inner\">\n\t\t<div class=\"qodef-eh-item-content qodef-eh-custom-2556\" style=\"padding: 0px 0px 0px 0px\">\n\t\t\t<div class=\"qodef-single-image-holder   qodef-image-behavior-zoom\">\n    <div class=\"qodef-si-inner\">\n                                    <img width=\"1025\" height=\"1025\" src=\"https:\/\/www.mychewinggum.com\/wp-content\/uploads\/2021\/09\/doypack-wwd-1.jpg\" class=\"attachment-full size-full\" alt=\"\" loading=\"lazy\" srcset=\"https:\/\/www.mychewinggum.com\/wp-content\/uploads\/2021\/09\/doypack-wwd-1.jpg 1025w, https:\/\/www.mychewinggum.com\/wp-content\/uploads\/2021\/09\/doypack-wwd-1-300x300.jpg 300w, https:\/\/www.mychewinggum.com\/wp-content\/uploads\/2021\/09\/doypack-wwd-1-150x150.jpg 150w, https:\/\/www.mychewinggum.com\/wp-content\/uploads\/2021\/09\/doypack-wwd-1-768x768.jpg 768w, https:\/\/www.mychewinggum.com\/wp-content\/uploads\/2021\/09\/doypack-wwd-1-12x12.jpg 12w, https:\/\/www.mychewinggum.com\/wp-content\/uploads\/2021\/09\/doypack-wwd-1-550x550.jpg 550w\" sizes=\"(max-width: 1025px) 100vw, 1025px\" \/>                        <\/div>\n<\/div>\t\t<\/div>\n\t<\/div>\n<\/div><div class=\"qodef-eh-item\" style=\"background-color: #ffffff\" data-item-class=\"qodef-eh-custom-4692\" data-1280-1600=\"0px 34px 18px 40px\" data-1024-1280=\"0px 55px 14px 42px\" data-768-1024=\"25% 37% 26% 76px\" data-680-768=\"34% 246px 36% 76px\" data-680=\"15% 67px 20% 53px\">\n\t<div class=\"qodef-eh-item-inner\">\n\t\t<div class=\"qodef-eh-item-content qodef-eh-custom-4692\" style=\"padding: 0px 114px 18px 76px\">\n\t\t\t<div class=\"qodef-section-title-holder  qodef-st-standard qodef-st-title-left qodef-st-normal-space\" >\n\t<div class=\"qodef-st-inner\">\n\t\t\t\t\t<h2 class=\"qodef-st-title\" >\n\t\t\t\tUnsere Dienstleistungen\t\t\t<\/h2>\n\t\t                    <div class=\"qodef-separator-holder clearfix  qodef-separator-position\">\n\t<div class=\"qodef-separator\" style=\"margin-top: 21px;margin-bottom: 11px\"><\/div>\n<\/div>\n        \t\t\t\t\t<h4 class=\"qodef-st-text\" style=\"font-weight: 600\">\n\t\t\t\tZu unseren Dienstleistungen z\u00e4hlt das Verpacken von Kaugummi in verschiedene Arten von Verpackungen und Beh\u00e4ltnissen wie Blister, Doypacks, Beutel und andere.Unsere Premium-Kaugummis Artic sind von h\u00f6chster Qualit\u00e4t. Sie sind aspartamfrei, mit Xylit ges\u00fc\u00dft und enthalten keine k\u00fcnstlichen Farbstoffe oder Aromen.\t\t\t<\/h4>\n\t\t\t<\/div>\n<\/div>\n\t\t<\/div>\n\t<\/div>\n<\/div><div class=\"qodef-eh-item\" style=\"background-image: url()\" data-item-class=\"qodef-eh-custom-4310\">\n\t<div class=\"qodef-eh-item-inner\">\n\t\t<div class=\"qodef-eh-item-content qodef-eh-custom-4310\" style=\"padding: 0px 0px 0px 0px\">\n\t\t\t<div class=\"qodef-single-image-holder   qodef-image-behavior-zoom\">\n    <div class=\"qodef-si-inner\">\n                                    <img width=\"1025\" height=\"1025\" src=\"https:\/\/www.mychewinggum.com\/wp-content\/uploads\/2021\/09\/mouth-wwd.jpg\" class=\"attachment-full size-full\" alt=\"own-min3\" loading=\"lazy\" srcset=\"https:\/\/www.mychewinggum.com\/wp-content\/uploads\/2021\/09\/mouth-wwd.jpg 1025w, https:\/\/www.mychewinggum.com\/wp-content\/uploads\/2021\/09\/mouth-wwd-300x300.jpg 300w, https:\/\/www.mychewinggum.com\/wp-content\/uploads\/2021\/09\/mouth-wwd-150x150.jpg 150w, https:\/\/www.mychewinggum.com\/wp-content\/uploads\/2021\/09\/mouth-wwd-768x768.jpg 768w, https:\/\/www.mychewinggum.com\/wp-content\/uploads\/2021\/09\/mouth-wwd-12x12.jpg 12w, https:\/\/www.mychewinggum.com\/wp-content\/uploads\/2021\/09\/mouth-wwd-550x550.jpg 550w\" sizes=\"(max-width: 1025px) 100vw, 1025px\" \/>                        <\/div>\n<\/div>\t\t<\/div>\n\t<\/div>\n<\/div><\/div><\/div><\/div><\/div><\/div>","protected":false},"excerpt":{"rendered":"WE PACK CHEWING GUMS Single packed chewing gums, blister packs, doypacks and many more. Individually wrapped chewing gums They are suited for use in restaurants, hotels but are also ideal for any kind of business promotion or as a customized [...]","protected":false},"author":1,"featured_media":0,"parent":0,"menu_order":0,"comment_status":"closed","ping_status":"closed","template":"full-width.php","meta":{"_monsterinsights_skip_tracking":false,"_monsterinsights_sitenote_active":false,"_monsterinsights_sitenote_note":"","_monsterinsights_sitenote_category":0},"yoast_head":"<!-- This site is optimized with the Yoast SEO plugin v16.9 - https:\/\/yoast.com\/wordpress\/plugins\/seo\/ -->\n<title>My chewing gum - Best of Bests<\/title>\n<meta name=\"description\" content=\"We packaging chewing gums into various packaging options. They are suited for use in restaurants, hotels or for any kind of business promotion.\" \/>\n<meta name=\"robots\" content=\"index, follow, max-snippet:-1, max-image-preview:large, max-video-preview:-1\" \/>\n<link rel=\"canonical\" href=\"https:\/\/www.mychewinggum.com\/de\/what-we-do\/\" \/>\n<meta property=\"og:locale\" content=\"de_DE\" \/>\n<meta property=\"og:type\" content=\"article\" \/>\n<meta property=\"og:title\" content=\"My chewing gum - Best of Bests\" \/>\n<meta property=\"og:description\" content=\"We packaging chewing gums into various packaging options. They are suited for use in restaurants, hotels or for any kind of business promotion.\" \/>\n<meta property=\"og:url\" content=\"https:\/\/www.mychewinggum.com\/de\/what-we-do\/\" \/>\n<meta property=\"og:site_name\" content=\"My chewing gum\" \/>\n<meta property=\"article:modified_time\" content=\"2021-09-29T17:09:49+00:00\" \/>\n<meta name=\"twitter:card\" content=\"summary_large_image\" \/>\n<meta name=\"twitter:label1\" content=\"Gesch\u00e4tzte Lesezeit\" \/>\n\t<meta name=\"twitter:data1\" content=\"2\u00a0Minuten\" \/>\n<script type=\"application\/ld+json\" class=\"yoast-schema-graph\">{\"@context\":\"https:\/\/schema.org\",\"@graph\":[{\"@type\":\"WebSite\",\"@id\":\"https:\/\/www.mychewinggum.com\/#website\",\"url\":\"https:\/\/www.mychewinggum.com\/\",\"name\":\"My chewing gum\",\"description\":\"\\u017duva\\u010dky s vlastnou potla\\u010dou\",\"potentialAction\":[{\"@type\":\"SearchAction\",\"target\":{\"@type\":\"EntryPoint\",\"urlTemplate\":\"https:\/\/www.mychewinggum.com\/?s={search_term_string}\"},\"query-input\":\"required name=search_term_string\"}],\"inLanguage\":\"de\"},{\"@type\":\"WebPage\",\"@id\":\"https:\/\/www.mychewinggum.com\/what-we-do\/#webpage\",\"url\":\"https:\/\/www.mychewinggum.com\/what-we-do\/\",\"name\":\"My chewing gum - Best of Bests\",\"isPartOf\":{\"@id\":\"https:\/\/www.mychewinggum.com\/#website\"},\"datePublished\":\"2017-11-03T09:26:57+00:00\",\"dateModified\":\"2021-09-29T17:09:49+00:00\",\"description\":\"We packaging chewing gums into various packaging options. They are suited for use in restaurants, hotels or for any kind of business promotion.\",\"breadcrumb\":{\"@id\":\"https:\/\/www.mychewinggum.com\/what-we-do\/#breadcrumb\"},\"inLanguage\":\"de\",\"potentialAction\":[{\"@type\":\"ReadAction\",\"target\":[\"https:\/\/www.mychewinggum.com\/what-we-do\/\"]}]},{\"@type\":\"BreadcrumbList\",\"@id\":\"https:\/\/www.mychewinggum.com\/what-we-do\/#breadcrumb\",\"itemListElement\":[{\"@type\":\"ListItem\",\"position\":1,\"name\":\"Home\",\"item\":\"https:\/\/www.mychewinggum.com\/\"},{\"@type\":\"ListItem\",\"position\":2,\"name\":\"What We Do\"}]}]}<\/script>\n<!-- \/ Yoast SEO plugin. -->","yoast_head_json":{"title":"My chewing gum - Best of Bests","description":"We packaging chewing gums into various packaging options. They are suited for use in restaurants, hotels or for any kind of business promotion.","robots":{"index":"index","follow":"follow","max-snippet":"max-snippet:-1","max-image-preview":"max-image-preview:large","max-video-preview":"max-video-preview:-1"},"canonical":"https:\/\/www.mychewinggum.com\/de\/what-we-do\/","og_locale":"de_DE","og_type":"article","og_title":"My chewing gum - Best of Bests","og_description":"We packaging chewing gums into various packaging options. They are suited for use in restaurants, hotels or for any kind of business promotion.","og_url":"https:\/\/www.mychewinggum.com\/de\/what-we-do\/","og_site_name":"My chewing gum","article_modified_time":"2021-09-29T17:09:49+00:00","twitter_card":"summary_large_image","twitter_misc":{"Gesch\u00e4tzte Lesezeit":"2\u00a0Minuten"},"schema":{"@context":"https:\/\/schema.org","@graph":[{"@type":"WebSite","@id":"https:\/\/www.mychewinggum.com\/#website","url":"https:\/\/www.mychewinggum.com\/","name":"My chewing gum","description":"\u017duva\u010dky s vlastnou potla\u010dou","potentialAction":[{"@type":"SearchAction","target":{"@type":"EntryPoint","urlTemplate":"https:\/\/www.mychewinggum.com\/?s={search_term_string}"},"query-input":"required name=search_term_string"}],"inLanguage":"de"},{"@type":"WebPage","@id":"https:\/\/www.mychewinggum.com\/what-we-do\/#webpage","url":"https:\/\/www.mychewinggum.com\/what-we-do\/","name":"My chewing gum - Best of Bests","isPartOf":{"@id":"https:\/\/www.mychewinggum.com\/#website"},"datePublished":"2017-11-03T09:26:57+00:00","dateModified":"2021-09-29T17:09:49+00:00","description":"We packaging chewing gums into various packaging options. They are suited for use in restaurants, hotels or for any kind of business promotion.","breadcrumb":{"@id":"https:\/\/www.mychewinggum.com\/what-we-do\/#breadcrumb"},"inLanguage":"de","potentialAction":[{"@type":"ReadAction","target":["https:\/\/www.mychewinggum.com\/what-we-do\/"]}]},{"@type":"BreadcrumbList","@id":"https:\/\/www.mychewinggum.com\/what-we-do\/#breadcrumb","itemListElement":[{"@type":"ListItem","position":1,"name":"Home","item":"https:\/\/www.mychewinggum.com\/"},{"@type":"ListItem","position":2,"name":"What We Do"}]}]}},"_links":{"self":[{"href":"https:\/\/www.mychewinggum.com\/de\/wp-json\/wp\/v2\/pages\/2955"}],"collection":[{"href":"https:\/\/www.mychewinggum.com\/de\/wp-json\/wp\/v2\/pages"}],"about":[{"href":"https:\/\/www.mychewinggum.com\/de\/wp-json\/wp\/v2\/types\/page"}],"author":[{"embeddable":true,"href":"https:\/\/www.mychewinggum.com\/de\/wp-json\/wp\/v2\/users\/1"}],"replies":[{"embeddable":true,"href":"https:\/\/www.mychewinggum.com\/de\/wp-json\/wp\/v2\/comments?post=2955"}],"version-history":[{"count":6,"href":"https:\/\/www.mychewinggum.com\/de\/wp-json\/wp\/v2\/pages\/2955\/revisions"}],"predecessor-version":[{"id":5051,"href":"https:\/\/www.mychewinggum.com\/de\/wp-json\/wp\/v2\/pages\/2955\/revisions\/5051"}],"wp:attachment":[{"href":"https:\/\/www.mychewinggum.com\/de\/wp-json\/wp\/v2\/media?parent=2955"}],"curies":[{"name":"wp","href":"https:\/\/api.w.org\/{rel}","templated":true}]}}