{"id":288,"date":"2017-10-18T08:50:13","date_gmt":"2017-10-18T08:50:13","guid":{"rendered":"http:\/\/aoki.select-themes.com\/?page_id=288"},"modified":"2021-09-28T19:38:00","modified_gmt":"2021-09-28T19:38:00","slug":"faq","status":"publish","type":"page","link":"https:\/\/www.mychewinggum.com\/pl\/faq\/","title":{"rendered":"FAQ"},"content":{"rendered":"<div class=\"qodef-row-grid-section-wrapper\"  ><div class=\"qodef-row-grid-section\"><div class=\"vc_row wpb_row vc_row-fluid vc_custom_1509089308685\" ><div class=\"wpb_column vc_column_container vc_col-sm-12 vc_col-lg-offset-0 vc_col-lg-9 vc_col-md-offset-0 vc_col-md-12 vc_col-sm-offset-0\"><div class=\"vc_column-inner\"><div class=\"wpb_wrapper\"><div class=\"qodef-elements-holder   qodef-one-column  qodef-responsive-mode-768\" ><div class=\"qodef-eh-item\"  data-item-class=\"qodef-eh-custom-7247\" data-768-1024=\"13% 0px 10% 0px\" data-680-768=\"16% 0px 10% 0px\">\n\t<div class=\"qodef-eh-item-inner\">\n\t\t<div class=\"qodef-eh-item-content qodef-eh-custom-7247\" style=\"padding: 0px 0px 0px 0px\">\n\t\t\t<div class=\"qodef-section-title-holder  qodef-st-standard qodef-st-title-left qodef-st-normal-space\" >\n\t<div class=\"qodef-st-inner\">\n\t\t\t\t\t<h2 class=\"qodef-st-title\" >\n\t\t\t\tJak d\u0142ugo musz\u0119 czeka\u0107 na gum\u0119 do \u017cucia?\t\t\t<\/h2>\n\t\t                    <div class=\"qodef-separator-holder clearfix  qodef-separator-position\">\n\t<div class=\"qodef-separator\" style=\"margin-top: 21px;margin-bottom: 11px\"><\/div>\n<\/div>\n        \t\t\t\t\t<h4 class=\"qodef-st-text\" >\n\t\t\t\tCzas dostawy zale\u017cy od wybranego produktu. Wi\u0119cej informacji mo\u017cna znale\u017a\u0107 w sekcji produktu.\t\t\t<\/h4>\n\t\t\t<\/div>\n<\/div>\n<div class=\"vc_empty_space\"   style=\"height: 13px\"><span class=\"vc_empty_space_inner\"><\/span><\/div><div class=\"qodef-accordion-holder qodef-ac-default  qodef-accordion qodef-ac-simple  clearfix\">\n\t<h3 class=\"qodef-accordion-title\">\n    <span class=\"qodef-additional-tag\"> 01 <\/span>\n\t<span class=\"qodef-tab-title\">Jaki jest sk\u0142ad gumy do \u017cucia?<\/span>\n    <span class=\"qodef-accordion-mark\">\n\t\t<span class=\"qodef_icon_plus icon_plus\"><\/span>\n\t\t<span class=\"qodef_icon_minus icon_minus-06\"><\/span>\n\t<\/span>\n<\/h3>\n<div class=\"qodef-accordion-content\">\n\t<div class=\"qodef-accordion-content-inner\">\n\t\t\n\t<div class=\"wpb_text_column wpb_content_element\" >\n\t\t<div class=\"wpb_wrapper\">\n\t\t\t<p>Staramy si\u0119, aby sk\u0142adniki naszych gum by\u0142y jak najbardziej naturalne, ale przede wszystkim szczycimy si\u0119 tym, \u017ce nasze gumy nie zawieraj\u0105 sztucznego s\u0142odzika ASPARTAM ani sztucznych barwnik\u00f3w i aromat\u00f3w, kt\u00f3re znajduj\u0105 si\u0119 w prawie ka\u017cdej innej marce gum.<\/p>\n<p>Guma do \u017cucia zawiera maltitol, sorbitol, sukraloz\u0119, ksylitol, baz\u0119 gumow\u0105 (zawiera przeciwutleniacz: ekstrakt bogaty w tokoferol), gum\u0119 arabsk\u0105, naturalny aromat mi\u0119towy, glicerol i wosk carnauba.<\/p>\n<p>&nbsp;<\/p>\n<p>Sorbitol jest wyci\u0105giem z cukru (glukozy). Jest naturalnym sk\u0142adnikiem ka\u017cdego owocu. Sorbitol jest stosowany jako substancja s\u0142odz\u0105ca, ale tak\u017ce jako zag\u0119szczacz, kt\u00f3ry jest odpowiedni dla diabetyk\u00f3w.<\/p>\n<p>&nbsp;<\/p>\n<p>Maltitol to naturalny s\u0142odzik, kt\u00f3ry pochodzi ze skrobi i jest tak samo s\u0142odki jak zwyk\u0142y cukier, ale nie powoduje pr\u00f3chnicy z\u0119b\u00f3w. Jest stabilizatorem i \u015brodkiem nawil\u017caj\u0105cym.<\/p>\n<p>&nbsp;<\/p>\n<p>Ksylitol to naturalnie wyst\u0119puj\u0105cy substytut cukru wyst\u0119puj\u0105cy w wi\u0119kszo\u015bci ro\u015blin, w tym w wielu\nowocach i warzywach. Ksylitol jest stosowany jako substytut cukru w \u201ebezcukrowych\u201d gumach do\n\u017cucia i innych cukierkach.<\/p>\n<p>&nbsp;<\/p>\n<p>Sukraloza to bezkaloryczny s\u0142odzik, kt\u00f3ry nie szkodzi z\u0119bom i nie jest metabolizowany w organizmie. Jest odpowiedni dla diabetyk\u00f3w, poniewa\u017c nie wp\u0142ywa na poziom insuliny we krwi.<\/p>\n<p>&nbsp;<\/p>\n<p>Guma arabska jest jednym z najstarszych naturalnych emulgator\u00f3w. Stosowana jest jako zag\u0119szczacz, stabilizator, humektant i emulgator. Wykazano, \u017ce mo\u017ce obni\u017ca\u0107 poziom cholesterolu i mo\u017ce mie\u0107 korzystny wp\u0142yw na mikroflor\u0119 jelitow\u0105.<\/p>\n<p>&nbsp;<\/p>\n<p>Naturalny mi\u0119towy aromat gumy do \u017cucia Artic jest uzyskiwany dzi\u0119ki olejkom eterycznym z mi\u0119ty pieprzowej. Nie stosujemy \u017cadnych sztucznych aromat\u00f3w ani barwnik\u00f3w.<\/p>\n<p>&nbsp;<\/p>\n<p>Glicerol jest bezbarwn\u0105, bezwonn\u0105, lepk\u0105 ciecz\u0105 o s\u0142odkim smaku. Powstaje w procesie fermentacji r\u00f3\u017cnych substancji naturalnych i najcz\u0119\u015bciej wyst\u0119puje w przyrodzie zwi\u0105zany z innymi substancjami.<\/p>\n<p>&nbsp;<\/p>\n<p>Wosk Carnauba to wosk pozyskiwany z li\u015bci tropikalnej palmy Copernicia cerifera, kt\u00f3ra ro\u015bnie w Brazylii. Jest to jasno\u017c\u00f3\u0142ta, twarda, mieni\u0105ca si\u0119 substancja o przyjemnym zapachu, kt\u00f3ra nie ma \u017cadnych negatywnych skutk\u00f3w.<\/p>\n<p>&nbsp;<\/p>\n<p>Tokoferol to tylko techniczna nazwa naturalnej witaminy E. Witamina E jest uwa\u017cana za silny przeciwutleniacz. Wp\u0142ywa na produkcj\u0119 czerwonych krwinek, uczestniczy w regeneracji i wzro\u015bcie masy mi\u0119\u015bniowej oraz innych tkanek.<\/p>\n\n\t\t<\/div>\n\t<\/div>\n\t<\/div>\n<\/div><h3 class=\"qodef-accordion-title\">\n    <span class=\"qodef-additional-tag\"> 02 <\/span>\n\t<span class=\"qodef-tab-title\">Jakie smaki oferujecie?<\/span>\n    <span class=\"qodef-accordion-mark\">\n\t\t<span class=\"qodef_icon_plus icon_plus\"><\/span>\n\t\t<span class=\"qodef_icon_minus icon_minus-06\"><\/span>\n\t<\/span>\n<\/h3>\n<div class=\"qodef-accordion-content\">\n\t<div class=\"qodef-accordion-content-inner\">\n\t\t\n\t<div class=\"wpb_text_column wpb_content_element\" >\n\t\t<div class=\"wpb_wrapper\">\n\t\t\t<p>Nasza guma do \u017cucia w postaci dra\u017cetek premium wyst\u0119puje w dw\u00f3ch najpopularniejszych smakach: Peppermint i Spearmint. Inne smaki dost\u0119pne na zam\u00f3wienie.<\/p>\n\n\t\t<\/div>\n\t<\/div>\n\t<\/div>\n<\/div><h3 class=\"qodef-accordion-title\">\n    <span class=\"qodef-additional-tag\"> 03 <\/span>\n\t<span class=\"qodef-tab-title\">Jaka jest r\u00f3\u017cnica mi\u0119dzy smakiem mi\u0119ty pieprzowej i spearmint?<\/span>\n    <span class=\"qodef-accordion-mark\">\n\t\t<span class=\"qodef_icon_plus icon_plus\"><\/span>\n\t\t<span class=\"qodef_icon_minus icon_minus-06\"><\/span>\n\t<\/span>\n<\/h3>\n<div class=\"qodef-accordion-content\">\n\t<div class=\"qodef-accordion-content-inner\">\n\t\t\n\t<div class=\"wpb_text_column wpb_content_element\" >\n\t\t<div class=\"wpb_wrapper\">\n\t\t\t<p>Oba aromaty to ekstrakty z rodziny ro\u015blin Mentha. G\u0142\u00f3wn\u0105 r\u00f3\u017cnic\u0105 jest zawarto\u015b\u0107 mentolu w tych ro\u015blinach.<\/p>\n\n\t\t<\/div>\n\t<\/div>\n\t<\/div>\n<\/div><h3 class=\"qodef-accordion-title\">\n    <span class=\"qodef-additional-tag\"> 04 <\/span>\n\t<span class=\"qodef-tab-title\">Czy mo\u017cna zapakowa\u0107 nasz\u0105 gum\u0119 do \u017cucia r\u00f3wnie\u017c w inne rodzaje opakowa\u0144?<\/span>\n    <span class=\"qodef-accordion-mark\">\n\t\t<span class=\"qodef_icon_plus icon_plus\"><\/span>\n\t\t<span class=\"qodef_icon_minus icon_minus-06\"><\/span>\n\t<\/span>\n<\/h3>\n<div class=\"qodef-accordion-content\">\n\t<div class=\"qodef-accordion-content-inner\">\n\t\t\n\t<div class=\"wpb_text_column wpb_content_element\" >\n\t\t<div class=\"wpb_wrapper\">\n\t\t\t<p>Nasz\u0105 ofert\u0119 standardowych metod pakowania mo\u017cna zobaczy\u0107 na naszej stronie internetowej. Je\u017celi interesuje Pa\u0144stwa inny rodzaj opakowania, prosimy o kontakt. Wszystko jest mo\u017cliwe.<\/p>\n\n\t\t<\/div>\n\t<\/div>\n\t<\/div>\n<\/div><h3 class=\"qodef-accordion-title\">\n    <span class=\"qodef-additional-tag\"> 05 <\/span>\n\t<span class=\"qodef-tab-title\">Czy zajmujecie si\u0119 r\u00f3wnie\u017c pakowaniem gum pod mark\u0105 w\u0142asn\u0105?<\/span>\n    <span class=\"qodef-accordion-mark\">\n\t\t<span class=\"qodef_icon_plus icon_plus\"><\/span>\n\t\t<span class=\"qodef_icon_minus icon_minus-06\"><\/span>\n\t<\/span>\n<\/h3>\n<div class=\"qodef-accordion-content\">\n\t<div class=\"qodef-accordion-content-inner\">\n\t\t\n\t<div class=\"wpb_text_column wpb_content_element\" >\n\t\t<div class=\"wpb_wrapper\">\n\t\t\t<p>Tak, mo\u017cemy r\u00f3wnie\u017c pakowa\u0107 gumy dla naszych klient\u00f3w pod ich prywatn\u0105 mark\u0105. Aby uzyska\u0107 wi\u0119cej informacji, prosimy o kontakt.<\/p>\n\n\t\t<\/div>\n\t<\/div>\n\t<\/div>\n<\/div><\/div>\t\t<\/div>\n\t<\/div>\n<\/div><\/div><\/div><\/div><\/div><div class=\"wpb_column vc_column_container vc_col-sm-12 vc_col-lg-offset-0 vc_col-lg-3 vc_col-md-offset-0 vc_col-md-12 vc_col-sm-offset-0\"><div class=\"vc_column-inner\"><div class=\"wpb_wrapper\"><div class=\"qodef-elements-holder   qodef-one-column  qodef-responsive-mode-768\" ><div class=\"qodef-eh-item\"  data-item-class=\"qodef-eh-custom-5735\" data-768-1024=\"0% 0px 0px 0px\" data-680=\"0% 0px 25% 0px\">\n\t<div class=\"qodef-eh-item-inner\">\n\t\t<div class=\"qodef-eh-item-content qodef-eh-custom-5735\" style=\"padding: 7px 0px 0px 0px\">\n\t\t\t<div  class=\"wpb_widgetised_column wpb_content_element\">\n\t\t<div class=\"wpb_wrapper\">\n\t\t\t\n\t\t\t\n\t\t<\/div>\n\t<\/div>\n\t\t<\/div>\n\t<\/div>\n<\/div><\/div><\/div><\/div><\/div><\/div><\/div><\/div>","protected":false},"excerpt":{"rendered":"What are the lead times for your products? The delivery time of an order depends on the selected product. Please look into the product section for more information. 01 What is your gum composition? We try to keep the composition [...]","protected":false},"author":1,"featured_media":0,"parent":0,"menu_order":0,"comment_status":"closed","ping_status":"closed","template":"","meta":{"_monsterinsights_skip_tracking":false,"_monsterinsights_sitenote_active":false,"_monsterinsights_sitenote_note":"","_monsterinsights_sitenote_category":0},"yoast_head":"<!-- This site is optimized with the Yoast SEO plugin v16.9 - https:\/\/yoast.com\/wordpress\/plugins\/seo\/ -->\n<title>FAQ - My chewing gum<\/title>\n<meta name=\"description\" content=\"Here are our FAQ. You find here something about our gum composition, flavors what we offer or if we provide private label services. You find here every FAQ.\" \/>\n<meta name=\"robots\" content=\"index, follow, max-snippet:-1, max-image-preview:large, max-video-preview:-1\" \/>\n<link rel=\"canonical\" href=\"https:\/\/www.mychewinggum.com\/pl\/faq\/\" \/>\n<meta property=\"og:locale\" content=\"pl_PL\" \/>\n<meta property=\"og:type\" content=\"article\" \/>\n<meta property=\"og:title\" content=\"FAQ - My chewing gum\" \/>\n<meta property=\"og:description\" content=\"Here are our FAQ. You find here something about our gum composition, flavors what we offer or if we provide private label services. You find here every FAQ.\" \/>\n<meta property=\"og:url\" content=\"https:\/\/www.mychewinggum.com\/pl\/faq\/\" \/>\n<meta property=\"og:site_name\" content=\"My chewing gum\" \/>\n<meta property=\"article:modified_time\" content=\"2021-09-28T19:38:00+00:00\" \/>\n<meta name=\"twitter:card\" content=\"summary_large_image\" \/>\n<meta name=\"twitter:label1\" content=\"Szacowany czas czytania\" \/>\n\t<meta name=\"twitter:data1\" content=\"3 minuty\" \/>\n<script type=\"application\/ld+json\" class=\"yoast-schema-graph\">{\"@context\":\"https:\/\/schema.org\",\"@graph\":[{\"@type\":\"WebSite\",\"@id\":\"https:\/\/www.mychewinggum.com\/#website\",\"url\":\"https:\/\/www.mychewinggum.com\/\",\"name\":\"My chewing gum\",\"description\":\"\\u017duva\\u010dky s vlastnou potla\\u010dou\",\"potentialAction\":[{\"@type\":\"SearchAction\",\"target\":{\"@type\":\"EntryPoint\",\"urlTemplate\":\"https:\/\/www.mychewinggum.com\/?s={search_term_string}\"},\"query-input\":\"required name=search_term_string\"}],\"inLanguage\":\"pl-PL\"},{\"@type\":\"WebPage\",\"@id\":\"https:\/\/www.mychewinggum.com\/faq\/#webpage\",\"url\":\"https:\/\/www.mychewinggum.com\/faq\/\",\"name\":\"FAQ - My chewing gum\",\"isPartOf\":{\"@id\":\"https:\/\/www.mychewinggum.com\/#website\"},\"datePublished\":\"2017-10-18T08:50:13+00:00\",\"dateModified\":\"2021-09-28T19:38:00+00:00\",\"description\":\"Here are our FAQ. You find here something about our gum composition, flavors what we offer or if we provide private label services. You find here every FAQ.\",\"breadcrumb\":{\"@id\":\"https:\/\/www.mychewinggum.com\/faq\/#breadcrumb\"},\"inLanguage\":\"pl-PL\",\"potentialAction\":[{\"@type\":\"ReadAction\",\"target\":[\"https:\/\/www.mychewinggum.com\/faq\/\"]}]},{\"@type\":\"BreadcrumbList\",\"@id\":\"https:\/\/www.mychewinggum.com\/faq\/#breadcrumb\",\"itemListElement\":[{\"@type\":\"ListItem\",\"position\":1,\"name\":\"Home\",\"item\":\"https:\/\/www.mychewinggum.com\/\"},{\"@type\":\"ListItem\",\"position\":2,\"name\":\"FAQ\"}]}]}<\/script>\n<!-- \/ Yoast SEO plugin. -->","yoast_head_json":{"title":"FAQ - My chewing gum","description":"Here are our FAQ. You find here something about our gum composition, flavors what we offer or if we provide private label services. You find here every FAQ.","robots":{"index":"index","follow":"follow","max-snippet":"max-snippet:-1","max-image-preview":"max-image-preview:large","max-video-preview":"max-video-preview:-1"},"canonical":"https:\/\/www.mychewinggum.com\/pl\/faq\/","og_locale":"pl_PL","og_type":"article","og_title":"FAQ - My chewing gum","og_description":"Here are our FAQ. You find here something about our gum composition, flavors what we offer or if we provide private label services. You find here every FAQ.","og_url":"https:\/\/www.mychewinggum.com\/pl\/faq\/","og_site_name":"My chewing gum","article_modified_time":"2021-09-28T19:38:00+00:00","twitter_card":"summary_large_image","twitter_misc":{"Szacowany czas czytania":"3 minuty"},"schema":{"@context":"https:\/\/schema.org","@graph":[{"@type":"WebSite","@id":"https:\/\/www.mychewinggum.com\/#website","url":"https:\/\/www.mychewinggum.com\/","name":"My chewing gum","description":"\u017duva\u010dky s vlastnou potla\u010dou","potentialAction":[{"@type":"SearchAction","target":{"@type":"EntryPoint","urlTemplate":"https:\/\/www.mychewinggum.com\/?s={search_term_string}"},"query-input":"required name=search_term_string"}],"inLanguage":"pl-PL"},{"@type":"WebPage","@id":"https:\/\/www.mychewinggum.com\/faq\/#webpage","url":"https:\/\/www.mychewinggum.com\/faq\/","name":"FAQ - My chewing gum","isPartOf":{"@id":"https:\/\/www.mychewinggum.com\/#website"},"datePublished":"2017-10-18T08:50:13+00:00","dateModified":"2021-09-28T19:38:00+00:00","description":"Here are our FAQ. You find here something about our gum composition, flavors what we offer or if we provide private label services. You find here every FAQ.","breadcrumb":{"@id":"https:\/\/www.mychewinggum.com\/faq\/#breadcrumb"},"inLanguage":"pl-PL","potentialAction":[{"@type":"ReadAction","target":["https:\/\/www.mychewinggum.com\/faq\/"]}]},{"@type":"BreadcrumbList","@id":"https:\/\/www.mychewinggum.com\/faq\/#breadcrumb","itemListElement":[{"@type":"ListItem","position":1,"name":"Home","item":"https:\/\/www.mychewinggum.com\/"},{"@type":"ListItem","position":2,"name":"FAQ"}]}]}},"_links":{"self":[{"href":"https:\/\/www.mychewinggum.com\/pl\/wp-json\/wp\/v2\/pages\/288"}],"collection":[{"href":"https:\/\/www.mychewinggum.com\/pl\/wp-json\/wp\/v2\/pages"}],"about":[{"href":"https:\/\/www.mychewinggum.com\/pl\/wp-json\/wp\/v2\/types\/page"}],"author":[{"embeddable":true,"href":"https:\/\/www.mychewinggum.com\/pl\/wp-json\/wp\/v2\/users\/1"}],"replies":[{"embeddable":true,"href":"https:\/\/www.mychewinggum.com\/pl\/wp-json\/wp\/v2\/comments?post=288"}],"version-history":[{"count":2,"href":"https:\/\/www.mychewinggum.com\/pl\/wp-json\/wp\/v2\/pages\/288\/revisions"}],"predecessor-version":[{"id":4845,"href":"https:\/\/www.mychewinggum.com\/pl\/wp-json\/wp\/v2\/pages\/288\/revisions\/4845"}],"wp:attachment":[{"href":"https:\/\/www.mychewinggum.com\/pl\/wp-json\/wp\/v2\/media?parent=288"}],"curies":[{"name":"wp","href":"https:\/\/api.w.org\/{rel}","templated":true}]}}