{"id":1439,"date":"2017-10-23T13:52:42","date_gmt":"2017-10-23T13:52:42","guid":{"rendered":"http:\/\/aoki.select-themes.com\/?page_id=1439"},"modified":"2023-01-23T19:54:13","modified_gmt":"2023-01-23T19:54:13","slug":"custom-printed-chewing-gums","status":"publish","type":"page","link":"https:\/\/www.mychewinggum.com\/sk\/","title":{"rendered":"\u00davod"},"content":{"rendered":"<div class=\"vc_row wpb_row vc_row-fluid changeMarginsOfSliders\" ><div class=\"wpb_column vc_column_container vc_col-sm-12 vc_col-xs-12\"><div class=\"vc_column-inner\"><div class=\"wpb_wrapper\"><div class=\"qodef-portfolio-fullscreen-slider-holder qodef-pfs-light-skin\"><div class=\"qodef-portfolio-list-holder qodef-pl-gallery qodef-no-space qodef-pl-fullscreen-slider    qodef-pl-pag-no-pagination\"  data-type=\"gallery\" data-number-of-columns=\"3\" data-space-between-items=\"no\" data-number-of-items=\"9\" data-image-proportions=\"full\" data-enable-fixed-proportions=\"no\" data-enable-image-shadow=\"no\" data-category=\"carousel\" data-orderby=\"date\" data-order=\"DESC\" data-item-style=\"fullscreen-slider\" data-enable-title=\"yes\" data-title-tag=\"h3\" data-enable-category=\"no\" data-enable-count-images=\"no\" data-enable-excerpt=\"no\" data-excerpt-length=\"20\" data-pagination-type=\"no-pagination\" data-filter=\"no\" data-filter-order-by=\"name\" data-filter-text-transform=\"uppercase\" data-enable-article-animation=\"no\" data-portfolio-slider-on=\"no\" data-enable-loop=\"yes\" data-enable-autoplay=\"yes\" data-slider-speed=\"3000\" data-slider-speed-animation=\"600\" data-enable-navigation=\"yes\" data-enable-pagination=\"yes\" data-portfolio-fullscreen-slider=\"yes\" data-target=\"no\" data-max-num-pages=\"1\" data-next-page=\"2\">\n\t\t<div class=\"qodef-pl-inner qodef-outer-space  qodef-portfolio-fs-slider clearfix\">\n\t\t<article class=\"qodef-pl-item qodef-item-space  post-4929 portfolio-item type-portfolio-item status-publish has-post-thumbnail hentry portfolio-category-carousel\">\n\t<div class=\"qodef-pl-item-inner\">\n\t\t<div class=\"qodef-pli-image-holder\" style=\"background-image: url('https:\/\/www.mychewinggum.com\/wp-content\/uploads\/2021\/09\/slider_single_pack_chewing_gum.jpg')\">\n    <div class=\"qodef-pli-text-holder\">\n        <div class=\"qodef-pli-text-wrapper\">\n            <div class=\"qodef-pli-text\">\n                \n                \t<h3 itemprop=\"name\" class=\"qodef-pli-title entry-title\" >\n\t\tBalen\u00e9 po 1 kuse\t<\/h3>\n\n                \n            <\/div>\n            <div class=\"qodef-pli-read-more\">\n<a itemprop=\"url\" href=\"https:\/\/www.mychewinggum.com\/sk\/portfolio-item\/single-pack-2\/\" target=\"_self\"  class=\"qodef-btn qodef-btn-medium qodef-btn-simple qodef-btn-icon\"  >\n    <span class=\"qodef-btn-text\">Read More<\/span>\n    <i class=\"qodef-icon-font-awesome fa fa-chevron-right\" ><\/i><\/a><\/div>\n\n        <\/div>\n    <\/div>\n<\/div>\n\t\t\n\t\t<a itemprop=\"url\" class=\"qodef-pli-link qodef-block-drag-link\" href=\"https:\/\/www.mychewinggum.com\/sk\/portfolio-item\/single-pack-2\/\" target=\"_self\"><\/a>\n\t<\/div>\n<\/article><article class=\"qodef-pl-item qodef-item-space  post-4927 portfolio-item type-portfolio-item status-publish has-post-thumbnail hentry portfolio-category-carousel\">\n\t<div class=\"qodef-pl-item-inner\">\n\t\t<div class=\"qodef-pli-image-holder\" style=\"background-image: url('https:\/\/www.mychewinggum.com\/wp-content\/uploads\/2021\/09\/slider_blister_chewing_gum.jpg')\">\n    <div class=\"qodef-pli-text-holder\">\n        <div class=\"qodef-pli-text-wrapper\">\n            <div class=\"qodef-pli-text\">\n                \n                \t<h3 itemprop=\"name\" class=\"qodef-pli-title entry-title\" >\n\t\tBlistre\t<\/h3>\n\n                \n            <\/div>\n            <div class=\"qodef-pli-read-more\">\n<a itemprop=\"url\" href=\"https:\/\/www.mychewinggum.com\/sk\/portfolio-item\/blister-pack-2\/\" target=\"_self\"  class=\"qodef-btn qodef-btn-medium qodef-btn-simple qodef-btn-icon\"  >\n    <span class=\"qodef-btn-text\">Read More<\/span>\n    <i class=\"qodef-icon-font-awesome fa fa-chevron-right\" ><\/i><\/a><\/div>\n\n        <\/div>\n    <\/div>\n<\/div>\n\t\t\n\t\t<a itemprop=\"url\" class=\"qodef-pli-link qodef-block-drag-link\" href=\"https:\/\/www.mychewinggum.com\/sk\/portfolio-item\/blister-pack-2\/\" target=\"_self\"><\/a>\n\t<\/div>\n<\/article><article class=\"qodef-pl-item qodef-item-space  post-4925 portfolio-item type-portfolio-item status-publish has-post-thumbnail hentry portfolio-category-carousel\">\n\t<div class=\"qodef-pl-item-inner\">\n\t\t<div class=\"qodef-pli-image-holder\" style=\"background-image: url('https:\/\/www.mychewinggum.com\/wp-content\/uploads\/2021\/09\/slider_doypack_chewing_gum.jpg')\">\n    <div class=\"qodef-pli-text-holder\">\n        <div class=\"qodef-pli-text-wrapper\">\n            <div class=\"qodef-pli-text\">\n                \n                \t<h3 itemprop=\"name\" class=\"qodef-pli-title entry-title\" >\n\t\tDoypacky\t<\/h3>\n\n                \n            <\/div>\n            <div class=\"qodef-pli-read-more\">\n<a itemprop=\"url\" href=\"https:\/\/www.mychewinggum.com\/sk\/portfolio-item\/doypack-2\/\" target=\"_self\"  class=\"qodef-btn qodef-btn-medium qodef-btn-simple qodef-btn-icon\"  >\n    <span class=\"qodef-btn-text\">Read More<\/span>\n    <i class=\"qodef-icon-font-awesome fa fa-chevron-right\" ><\/i><\/a><\/div>\n\n        <\/div>\n    <\/div>\n<\/div>\n\t\t\n\t\t<a itemprop=\"url\" class=\"qodef-pli-link qodef-block-drag-link\" href=\"https:\/\/www.mychewinggum.com\/sk\/portfolio-item\/doypack-2\/\" target=\"_self\"><\/a>\n\t<\/div>\n<\/article><article class=\"qodef-pl-item qodef-item-space  post-4923 portfolio-item type-portfolio-item status-publish has-post-thumbnail hentry portfolio-category-carousel\">\n\t<div class=\"qodef-pl-item-inner\">\n\t\t<div class=\"qodef-pli-image-holder\" style=\"background-image: url('https:\/\/www.mychewinggum.com\/wp-content\/uploads\/2021\/09\/slider_special_pack_chewing_gum.jpg')\">\n    <div class=\"qodef-pli-text-holder\">\n        <div class=\"qodef-pli-text-wrapper\">\n            <div class=\"qodef-pli-text\">\n                \n                \t<h3 itemprop=\"name\" class=\"qodef-pli-title entry-title\" >\n\t\t\u0160peci\u00e1lne balenia\t<\/h3>\n\n                \n            <\/div>\n            <div class=\"qodef-pli-read-more\">\n<a itemprop=\"url\" href=\"https:\/\/www.mychewinggum.com\/sk\/portfolio-item\/specialty-packaging-2\/\" target=\"_self\"  class=\"qodef-btn qodef-btn-medium qodef-btn-simple qodef-btn-icon\"  >\n    <span class=\"qodef-btn-text\">Read More<\/span>\n    <i class=\"qodef-icon-font-awesome fa fa-chevron-right\" ><\/i><\/a><\/div>\n\n        <\/div>\n    <\/div>\n<\/div>\n\t\t\n\t\t<a itemprop=\"url\" class=\"qodef-pli-link qodef-block-drag-link\" href=\"https:\/\/www.mychewinggum.com\/sk\/portfolio-item\/specialty-packaging-2\/\" target=\"_self\"><\/a>\n\t<\/div>\n<\/article><article class=\"qodef-pl-item qodef-item-space  post-4920 portfolio-item type-portfolio-item status-publish has-post-thumbnail hentry portfolio-category-carousel\">\n\t<div class=\"qodef-pl-item-inner\">\n\t\t<div class=\"qodef-pli-image-holder\" style=\"background-image: url('https:\/\/www.mychewinggum.com\/wp-content\/uploads\/2021\/09\/slider_bulk_chewing_gum.jpg')\">\n    <div class=\"qodef-pli-text-holder\">\n        <div class=\"qodef-pli-text-wrapper\">\n            <div class=\"qodef-pli-text\">\n                \n                \t<h3 itemprop=\"name\" class=\"qodef-pli-title entry-title\" >\n\t\tNebalen\u00e9 \u017euva\u010dky\t<\/h3>\n\n                \n            <\/div>\n            <div class=\"qodef-pli-read-more\">\n<a itemprop=\"url\" href=\"https:\/\/www.mychewinggum.com\/sk\/portfolio-item\/bulk-2\/\" target=\"_self\"  class=\"qodef-btn qodef-btn-medium qodef-btn-simple qodef-btn-icon\"  >\n    <span class=\"qodef-btn-text\">Read More<\/span>\n    <i class=\"qodef-icon-font-awesome fa fa-chevron-right\" ><\/i><\/a><\/div>\n\n        <\/div>\n    <\/div>\n<\/div>\n\t\t\n\t\t<a itemprop=\"url\" class=\"qodef-pli-link qodef-block-drag-link\" href=\"https:\/\/www.mychewinggum.com\/sk\/portfolio-item\/bulk-2\/\" target=\"_self\"><\/a>\n\t<\/div>\n<\/article><article class=\"qodef-pl-item qodef-item-space  post-4919 portfolio-item type-portfolio-item status-publish has-post-thumbnail hentry portfolio-category-carousel\">\n\t<div class=\"qodef-pl-item-inner\">\n\t\t<div class=\"qodef-pli-image-holder\" style=\"background-image: url('https:\/\/www.mychewinggum.com\/wp-content\/uploads\/2021\/09\/slider_app_chewing_gum.jpg')\">\n    <div class=\"qodef-pli-text-holder\">\n        <div class=\"qodef-pli-text-wrapper\">\n            <div class=\"qodef-pli-text\">\n                \n                \t<h3 itemprop=\"name\" class=\"qodef-pli-title entry-title\" >\n\t\tOnline aplik\u00e1cia\t<\/h3>\n\n                \n            <\/div>\n            <div class=\"qodef-pli-read-more\">\n<a itemprop=\"url\" href=\"https:\/\/www.mychewinggum.com\/sk\/portfolio-item\/online-app-2\/\" target=\"_self\"  class=\"qodef-btn qodef-btn-medium qodef-btn-simple qodef-btn-icon\"  >\n    <span class=\"qodef-btn-text\">Read More<\/span>\n    <i class=\"qodef-icon-font-awesome fa fa-chevron-right\" ><\/i><\/a><\/div>\n\n        <\/div>\n    <\/div>\n<\/div>\n\t\t\n\t\t<a itemprop=\"url\" class=\"qodef-pli-link qodef-block-drag-link\" href=\"https:\/\/www.mychewinggum.com\/sk\/portfolio-item\/online-app-2\/\" target=\"_self\"><\/a>\n\t<\/div>\n<\/article>\t<\/div>\n\t\n\t<\/div><\/div>\n\t<div class=\"wpb_raw_code wpb_content_element wpb_raw_html\" >\n\t\t<div class=\"wpb_wrapper\">\n\t\t\t<div id=\"language-switcher-div\" style=\"position: absolute; top: -4px; left: 10px;\">\n<div class=\"trp_language_switcher_shortcode\">\n<div class=\"trp-language-switcher trp-language-switcher-container\" data-no-translation>\n    <div class=\"trp-ls-shortcode-current-language\">\n        <a href=\"#\" class=\"trp-ls-shortcode-disabled-language trp-ls-disabled-language\" title=\"Sloven\u010dina\" onclick=\"event.preventDefault()\">\n\t\t\t<img class=\"trp-flag-image\" src=\"https:\/\/www.mychewinggum.com\/wp-content\/plugins\/translatepress-multilingual\/assets\/images\/flags\/sk_SK.png\" width=\"18\" height=\"12\" alt=\"sk_SK\" title=\"Sloven\u010dina\"> \t\t<\/a>\n    <\/div>\n    <div class=\"trp-ls-shortcode-language\">\n                <a href=\"#\" class=\"trp-ls-shortcode-disabled-language trp-ls-disabled-language\"  title=\"Sloven\u010dina\" onclick=\"event.preventDefault()\">\n\t\t\t<img class=\"trp-flag-image\" src=\"https:\/\/www.mychewinggum.com\/wp-content\/plugins\/translatepress-multilingual\/assets\/images\/flags\/sk_SK.png\" width=\"18\" height=\"12\" alt=\"sk_SK\" title=\"Sloven\u010dina\"> \t\t<\/a>\n                    <a href=\"https:\/\/www.mychewinggum.com\/wp-json\/wp\/v2\/pages\/1439\/\" title=\"English\">\n            <img class=\"trp-flag-image\" src=\"https:\/\/www.mychewinggum.com\/wp-content\/plugins\/translatepress-multilingual\/assets\/images\/flags\/en_US.png\" width=\"18\" height=\"12\" alt=\"en_US\" title=\"English\">         <\/a>\n\n            <a href=\"https:\/\/www.mychewinggum.com\/cs\/wp-json\/wp\/v2\/pages\/1439\/\" title=\"\u010ce\u0161tina\">\n            <img class=\"trp-flag-image\" src=\"https:\/\/www.mychewinggum.com\/wp-content\/plugins\/translatepress-multilingual\/assets\/images\/flags\/cs_CZ.png\" width=\"18\" height=\"12\" alt=\"cs_CZ\" title=\"\u010ce\u0161tina\">         <\/a>\n\n            <a href=\"https:\/\/www.mychewinggum.com\/de\/wp-json\/wp\/v2\/pages\/1439\/\" title=\"Deutsch\">\n            <img class=\"trp-flag-image\" src=\"https:\/\/www.mychewinggum.com\/wp-content\/plugins\/translatepress-multilingual\/assets\/images\/flags\/de_DE.png\" width=\"18\" height=\"12\" alt=\"de_DE\" title=\"Deutsch\">         <\/a>\n\n            <a href=\"https:\/\/www.mychewinggum.com\/hu\/wp-json\/wp\/v2\/pages\/1439\/\" title=\"Magyar\">\n            <img class=\"trp-flag-image\" src=\"https:\/\/www.mychewinggum.com\/wp-content\/plugins\/translatepress-multilingual\/assets\/images\/flags\/hu_HU.png\" width=\"18\" height=\"12\" alt=\"hu_HU\" title=\"Magyar\">         <\/a>\n\n            <a href=\"https:\/\/www.mychewinggum.com\/pl\/wp-json\/wp\/v2\/pages\/1439\/\" title=\"Polski\">\n            <img class=\"trp-flag-image\" src=\"https:\/\/www.mychewinggum.com\/wp-content\/plugins\/translatepress-multilingual\/assets\/images\/flags\/pl_PL.png\" width=\"18\" height=\"12\" alt=\"pl_PL\" title=\"Polski\">         <\/a>\n\n        <\/div>\n    <script type=\"application\/javascript\">\n        \/\/ need to have the same with set from JS on both divs. Otherwise it can push stuff around in HTML\n        var trp_ls_shortcodes = document.querySelectorAll('.trp_language_switcher_shortcode .trp-language-switcher');\n        if ( trp_ls_shortcodes.length > 0) {\n            \/\/ get the last language switcher added\n            var trp_el = trp_ls_shortcodes[trp_ls_shortcodes.length - 1];\n\n            var trp_shortcode_language_item = trp_el.querySelector( '.trp-ls-shortcode-language' )\n            \/\/ set width\n            var trp_ls_shortcode_width                                               = trp_shortcode_language_item.offsetWidth + 16;\n            trp_shortcode_language_item.style.width                                  = trp_ls_shortcode_width + 'px';\n            trp_el.querySelector( '.trp-ls-shortcode-current-language' ).style.width = trp_ls_shortcode_width + 'px';\n\n            \/\/ We're putting this on display: none after we have its width.\n            trp_shortcode_language_item.style.display = 'none';\n        }\n    <\/script>\n<\/div>\n<\/div>\n<\/div>\n\t\t<\/div>\n\t<\/div>\n<\/div><\/div><\/div><\/div>","protected":false},"excerpt":{"rendered":"for our business partners, we provide an option of having their own online app for designing the packaging of the single-packed chewing gums. &nbsp; It's an online application, in which the customers can design their own chewing gums. This service [...]","protected":false},"author":1,"featured_media":0,"parent":0,"menu_order":0,"comment_status":"closed","ping_status":"closed","template":"","meta":{"_monsterinsights_skip_tracking":false,"_monsterinsights_sitenote_active":false,"_monsterinsights_sitenote_note":"","_monsterinsights_sitenote_category":0},"yoast_head":"<!-- This site is optimized with the Yoast SEO plugin v16.9 - https:\/\/yoast.com\/wordpress\/plugins\/seo\/ -->\n<title>Home - My chewing gum<\/title>\n<meta name=\"description\" content=\"Our services include packaging chewing gums into various packaging options such as blister packs, doypacks and more. Our chewing gums are of the highest quality.\" \/>\n<meta name=\"robots\" content=\"index, follow, max-snippet:-1, max-image-preview:large, max-video-preview:-1\" \/>\n<link rel=\"canonical\" href=\"https:\/\/www.mychewinggum.com\/sk\/\" \/>\n<meta property=\"og:locale\" content=\"sk_SK\" \/>\n<meta property=\"og:type\" content=\"article\" \/>\n<meta property=\"og:title\" content=\"Home - My chewing gum\" \/>\n<meta property=\"og:description\" content=\"Our services include packaging chewing gums into various packaging options such as blister packs, doypacks and more. Our chewing gums are of the highest quality.\" \/>\n<meta property=\"og:url\" content=\"https:\/\/www.mychewinggum.com\/sk\/\" \/>\n<meta property=\"og:site_name\" content=\"My chewing gum\" \/>\n<meta property=\"article:modified_time\" content=\"2023-01-23T19:54:13+00:00\" \/>\n<meta name=\"twitter:card\" content=\"summary_large_image\" \/>\n<meta name=\"twitter:label1\" content=\"Predpokladan\u00fd \u010das \u010d\u00edtania\" \/>\n\t<meta name=\"twitter:data1\" content=\"1 min\u00fata\" \/>\n<script type=\"application\/ld+json\" class=\"yoast-schema-graph\">{\"@context\":\"https:\/\/schema.org\",\"@graph\":[{\"@type\":\"WebSite\",\"@id\":\"https:\/\/www.mychewinggum.com\/#website\",\"url\":\"https:\/\/www.mychewinggum.com\/\",\"name\":\"My chewing gum\",\"description\":\"\\u017duva\\u010dky s vlastnou potla\\u010dou\",\"potentialAction\":[{\"@type\":\"SearchAction\",\"target\":{\"@type\":\"EntryPoint\",\"urlTemplate\":\"https:\/\/www.mychewinggum.com\/?s={search_term_string}\"},\"query-input\":\"required name=search_term_string\"}],\"inLanguage\":\"sk-SK\"},{\"@type\":\"WebPage\",\"@id\":\"https:\/\/www.mychewinggum.com\/#webpage\",\"url\":\"https:\/\/www.mychewinggum.com\/\",\"name\":\"Home - My chewing gum\",\"isPartOf\":{\"@id\":\"https:\/\/www.mychewinggum.com\/#website\"},\"datePublished\":\"2017-10-23T13:52:42+00:00\",\"dateModified\":\"2023-01-23T19:54:13+00:00\",\"description\":\"Our services include packaging chewing gums into various packaging options such as blister packs, doypacks and more. Our chewing gums are of the highest quality.\",\"breadcrumb\":{\"@id\":\"https:\/\/www.mychewinggum.com\/#breadcrumb\"},\"inLanguage\":\"sk-SK\",\"potentialAction\":[{\"@type\":\"ReadAction\",\"target\":[\"https:\/\/www.mychewinggum.com\/\"]}]},{\"@type\":\"BreadcrumbList\",\"@id\":\"https:\/\/www.mychewinggum.com\/#breadcrumb\",\"itemListElement\":[{\"@type\":\"ListItem\",\"position\":1,\"name\":\"Home\",\"item\":\"https:\/\/www.mychewinggum.com\/\"},{\"@type\":\"ListItem\",\"position\":2,\"name\":\"Home\"}]}]}<\/script>\n<!-- \/ Yoast SEO plugin. -->","yoast_head_json":{"title":"Home - My chewing gum","description":"Our services include packaging chewing gums into various packaging options such as blister packs, doypacks and more. Our chewing gums are of the highest quality.","robots":{"index":"index","follow":"follow","max-snippet":"max-snippet:-1","max-image-preview":"max-image-preview:large","max-video-preview":"max-video-preview:-1"},"canonical":"https:\/\/www.mychewinggum.com\/sk\/","og_locale":"sk_SK","og_type":"article","og_title":"Home - My chewing gum","og_description":"Our services include packaging chewing gums into various packaging options such as blister packs, doypacks and more. Our chewing gums are of the highest quality.","og_url":"https:\/\/www.mychewinggum.com\/sk\/","og_site_name":"My chewing gum","article_modified_time":"2023-01-23T19:54:13+00:00","twitter_card":"summary_large_image","twitter_misc":{"Predpokladan\u00fd \u010das \u010d\u00edtania":"1 min\u00fata"},"schema":{"@context":"https:\/\/schema.org","@graph":[{"@type":"WebSite","@id":"https:\/\/www.mychewinggum.com\/#website","url":"https:\/\/www.mychewinggum.com\/","name":"My chewing gum","description":"\u017duva\u010dky s vlastnou potla\u010dou","potentialAction":[{"@type":"SearchAction","target":{"@type":"EntryPoint","urlTemplate":"https:\/\/www.mychewinggum.com\/?s={search_term_string}"},"query-input":"required name=search_term_string"}],"inLanguage":"sk-SK"},{"@type":"WebPage","@id":"https:\/\/www.mychewinggum.com\/#webpage","url":"https:\/\/www.mychewinggum.com\/","name":"Home - My chewing gum","isPartOf":{"@id":"https:\/\/www.mychewinggum.com\/#website"},"datePublished":"2017-10-23T13:52:42+00:00","dateModified":"2023-01-23T19:54:13+00:00","description":"Our services include packaging chewing gums into various packaging options such as blister packs, doypacks and more. Our chewing gums are of the highest quality.","breadcrumb":{"@id":"https:\/\/www.mychewinggum.com\/#breadcrumb"},"inLanguage":"sk-SK","potentialAction":[{"@type":"ReadAction","target":["https:\/\/www.mychewinggum.com\/"]}]},{"@type":"BreadcrumbList","@id":"https:\/\/www.mychewinggum.com\/#breadcrumb","itemListElement":[{"@type":"ListItem","position":1,"name":"Home","item":"https:\/\/www.mychewinggum.com\/"},{"@type":"ListItem","position":2,"name":"Home"}]}]}},"_links":{"self":[{"href":"https:\/\/www.mychewinggum.com\/sk\/wp-json\/wp\/v2\/pages\/1439"}],"collection":[{"href":"https:\/\/www.mychewinggum.com\/sk\/wp-json\/wp\/v2\/pages"}],"about":[{"href":"https:\/\/www.mychewinggum.com\/sk\/wp-json\/wp\/v2\/types\/page"}],"author":[{"embeddable":true,"href":"https:\/\/www.mychewinggum.com\/sk\/wp-json\/wp\/v2\/users\/1"}],"replies":[{"embeddable":true,"href":"https:\/\/www.mychewinggum.com\/sk\/wp-json\/wp\/v2\/comments?post=1439"}],"version-history":[{"count":6,"href":"https:\/\/www.mychewinggum.com\/sk\/wp-json\/wp\/v2\/pages\/1439\/revisions"}],"predecessor-version":[{"id":5193,"href":"https:\/\/www.mychewinggum.com\/sk\/wp-json\/wp\/v2\/pages\/1439\/revisions\/5193"}],"wp:attachment":[{"href":"https:\/\/www.mychewinggum.com\/sk\/wp-json\/wp\/v2\/media?parent=1439"}],"curies":[{"name":"wp","href":"https:\/\/api.w.org\/{rel}","templated":true}]}}