{"id":185,"date":"2017-10-17T10:10:18","date_gmt":"2017-10-17T10:10:18","guid":{"rendered":"http:\/\/aoki.select-themes.com\/?page_id=185"},"modified":"2022-12-24T12:41:11","modified_gmt":"2022-12-24T12:41:11","slug":"contact-us","status":"publish","type":"page","link":"https:\/\/www.mychewinggum.com\/sk\/contact-us\/","title":{"rendered":"Kontakt"},"content":{"rendered":"<div class=\"qodef-row-grid-section-wrapper\"  style=\"background-color:#fafafa\"><div class=\"qodef-row-grid-section\"><div class=\"vc_row wpb_row vc_row-fluid\" ><div class=\"wpb_column vc_column_container vc_col-sm-12 vc_col-lg-offset-0 vc_col-lg-5 vc_col-md-offset-0 vc_col-md-12 vc_col-sm-offset-0 vc_hidden-xs\"><div class=\"vc_column-inner\"><div class=\"wpb_wrapper\"><div class=\"qodef-elements-holder   qodef-one-column  qodef-responsive-mode-768\" ><div class=\"qodef-eh-item\"  data-item-class=\"qodef-eh-custom-9535\" data-768-1024=\"13% 0px 0px 0px\">\n\t<div class=\"qodef-eh-item-inner\">\n\t\t<div class=\"qodef-eh-item-content qodef-eh-custom-9535\" style=\"padding: 126px 0px 0px 0px\">\n\t\t\t<div class=\"qodef-section-title-holder section-title-own qodef-st-standard qodef-st-title-left qodef-st-normal-space\" style=\"text-align: left\">\n\t<div class=\"qodef-st-inner\">\n\t\t\t\t\t<h1 class=\"qodef-st-title translation-block\" >Na\u0161e<br> s\u00eddlo<span class=\"qodef-st-dot\">.<\/span><\/h1>\n\t\t                    <div class=\"qodef-separator-holder clearfix  qodef-separator-position\">\n\t<div class=\"qodef-separator\" style=\"margin-top: 21px;margin-bottom: 11px\"><\/div>\n<\/div>\n        \t\t\t<\/div>\n<\/div>\n\t\t<\/div>\n\t<\/div>\n<\/div><\/div><\/div><\/div><\/div><div class=\"be-centered wpb_column vc_column_container vc_col-sm-12 vc_col-lg-offset-0 vc_col-lg-7 vc_col-md-offset-0 vc_col-md-12 vc_col-sm-offset-0\"><div class=\"vc_column-inner\"><div class=\"wpb_wrapper\"><div class=\"qodef-elements-holder   qodef-two-columns  qodef-responsive-mode-768\" ><div class=\"qodef-eh-item\"  data-item-class=\"qodef-eh-custom-1910\" data-1280-1600=\"110px 0px 140px 0px\" data-1024-1280=\"110px 0px 140px 0px\" data-768-1024=\"15% 0px 32% 0px\" data-680=\"0px 0px 0px 0px\">\n\t<div class=\"qodef-eh-item-inner\">\n\t\t<div class=\"qodef-eh-item-content qodef-eh-custom-1910\" style=\"padding: 110px 0px 140px 0px\">\n\t\t\t\n\t<div class=\"wpb_text_column wpb_content_element\" >\n\t\t<div class=\"wpb_wrapper\">\n\t\t\t<h3>N\u00e1jdete n\u00e1s tu<\/h3>\n\n\t\t<\/div>\n\t<\/div>\n\n\t<div class=\"wpb_text_column wpb_content_element  vc_custom_1632845711034\" >\n\t\t<div class=\"wpb_wrapper\">\n\t\t\t<h4><span style=\"color: #000000;\">Artic s.r.o<\/span><\/h4>\n<h4><span style=\"color: #000000;\">Trencianska 53<\/span><\/h4>\n<h4><span style=\"color: #000000;\">821 09 Bratislava<\/span><\/h4>\n<h4><span style=\"color: #000000;\">Slovakia<\/span><\/h4>\n\n\t\t<\/div>\n\t<\/div>\n\t\t<\/div>\n\t<\/div>\n<\/div><div class=\"qodef-eh-item\"  data-item-class=\"qodef-eh-custom-7062\" data-1280-1600=\"110px 0px 140px 0px\" data-1024-1280=\"110px 0px 140px 0px\" data-768-1024=\"15% 0px 32% 0px\" data-680=\"45px 0px 110px 0px\">\n\t<div class=\"qodef-eh-item-inner\">\n\t\t<div class=\"qodef-eh-item-content qodef-eh-custom-7062\" style=\"padding: 110px 0px 140px 0px\">\n\t\t\t\n\t<div class=\"wpb_text_column wpb_content_element\" >\n\t\t<div class=\"wpb_wrapper\">\n\t\t\t<h3>Kontaktn\u00e9 \u00fadaje<\/h3>\n<h3><\/h3>\n\n\t\t<\/div>\n\t<\/div>\n\n\t<div class=\"wpb_text_column wpb_content_element\" >\n\t\t<div class=\"wpb_wrapper\">\n\t\t\t<h4><span style=\"color: #000000; display: flex; align-items: center;\">\u2709 \u00a0<img loading=\"lazy\" class=\"wp-image-5139 alignnone\" src=\"https:\/\/www.mychewinggum.com\/wp-content\/uploads\/2022\/12\/emailpic.png\" alt=\"\" width=\"241\" height=\"20\" srcset=\"https:\/\/www.mychewinggum.com\/wp-content\/uploads\/2022\/12\/emailpic.png 1238w, https:\/\/www.mychewinggum.com\/wp-content\/uploads\/2022\/12\/emailpic-300x25.png 300w, https:\/\/www.mychewinggum.com\/wp-content\/uploads\/2022\/12\/emailpic-1024x85.png 1024w, https:\/\/www.mychewinggum.com\/wp-content\/uploads\/2022\/12\/emailpic-768x64.png 768w\" sizes=\"(max-width: 241px) 100vw, 241px\" \/><\/span><\/h4>\n<h4><span style=\"color: #000000;\">\u260f +421 908 829 746<\/span><\/h4>\n\n\t\t<\/div>\n\t<\/div>\n\t\t<\/div>\n\t<\/div>\n<\/div><\/div><\/div><\/div><\/div><\/div><\/div><\/div><div class=\"qodef-row-grid-section-wrapper\"  ><div class=\"qodef-row-grid-section\"><div class=\"vc_row wpb_row vc_row-fluid\" ><div class=\"wpb_column vc_column_container vc_col-sm-12 vc_col-lg-offset-0 vc_col-lg-5 vc_col-md-offset-0 vc_col-md-12 vc_col-sm-offset-0 vc_col-xs-12\"><div class=\"vc_column-inner\"><div class=\"wpb_wrapper\"><\/div><\/div><\/div><div class=\"wpb_column vc_column_container vc_col-sm-12 vc_col-lg-offset-0 vc_col-lg-7 vc_col-md-offset-0 vc_col-md-12 vc_col-sm-offset-0\"><div class=\"vc_column-inner\"><div class=\"wpb_wrapper\"><div class=\"qodef-elements-holder   qodef-one-column  qodef-responsive-mode-768\" ><div class=\"qodef-eh-item\"  data-item-class=\"qodef-eh-custom-6650\" data-1024-1280=\"19.5% 0px 137px 0px\" data-768-1024=\"10% 0px 25% 0px\" data-680-768=\"10% 0px 27% 0px\" data-680=\"10% 0px 44% 0px\">\n\t<div class=\"qodef-eh-item-inner\">\n\t\t<div class=\"qodef-eh-item-content qodef-eh-custom-6650\" style=\"padding: 16.5% 0px 0px 0px\">\n\t\t\t<div class=\"qodef-section-title-holder  qodef-st-standard qodef-st-title-left qodef-st-normal-space\" >\n\t<div class=\"qodef-st-inner\">\n\t\t\t\t\t<h2 class=\"qodef-st-title\" >\n\t\t\t\tKontaktujte n\u00e1s\t\t\t<\/h2>\n\t\t                    <div class=\"qodef-separator-holder clearfix  qodef-separator-position\">\n\t<div class=\"qodef-separator\" style=\"margin-top: 21px;margin-bottom: 11px\"><\/div>\n<\/div>\n        \t\t\t\t\t<p class=\"qodef-st-text\" >\n\t\t\t\tBudeme ve\u013emi radi, ak sa n\u00e1m ozvete. Ak m\u00e1te na mysli konkr\u00e9tne projekty alebo by ste sa len chceli dozvedie\u0165 nie\u010do viac o na\u0161ich produktoch \u010di slu\u017eb\u00e1ch, nev\u00e1hajte n\u00e1s kontaktova\u0165. \ud83d\ude42\t\t\t<\/p>\n\t\t\t<\/div>\n<\/div>\n<div class=\"vc_empty_space\"   style=\"height: 17px\"><span class=\"vc_empty_space_inner\"><\/span><\/div>\n\t<div class=\"wpb_text_column wpb_content_element\" >\n\t\t<div class=\"wpb_wrapper\">\n\t\t\t<h3>Follow Us<\/h3>\n\n\t\t<\/div>\n\t<\/div>\n<div class=\"qodef-iwt clearfix  qodef-iwt-icon-left qodef-iwt-icon-tiny\">\n\t<div class=\"qodef-iwt-icon\">\n\t\t\t\t\t<a itemprop=\"url\" href=\"http:\/\/www.facebook.com\" target=\"_blank\">\n\t\t\t\t\t\t\t\t\t    <span class=\"qodef-icon-shortcode qodef-normal   qodef-icon-tiny\"  data-hover-color=\"#777777\" data-color=\"#1d1d1d\">\n                    <span aria-hidden=\"true\" class=\"qodef-icon-font-elegant social_facebook_circle qodef-icon-element\" style=\"color: #1d1d1d\" ><\/span>            <\/span>\n\t\t\t\t\t\t\t\t<\/a>\n\t\t\t<\/div>\n\t<div class=\"qodef-iwt-content\" style=\"padding-left: 9px\">\n\t\t\t\t\t<\/div>\n<\/div><div class=\"qodef-iwt clearfix  qodef-iwt-icon-left qodef-iwt-icon-tiny\">\n\t<div class=\"qodef-iwt-icon\">\n\t\t\t\t\t<a itemprop=\"url\" href=\"http:\/\/www.instagram.com\" target=\"_blank\">\n\t\t\t\t\t\t\t\t\t    <span class=\"qodef-icon-shortcode qodef-normal   qodef-icon-tiny\"  data-hover-color=\"#777777\" data-color=\"#1d1d1d\">\n                    <span aria-hidden=\"true\" class=\"qodef-icon-font-elegant social_instagram_circle qodef-icon-element\" style=\"color: #1d1d1d\" ><\/span>            <\/span>\n\t\t\t\t\t\t\t\t<\/a>\n\t\t\t<\/div>\n\t<div class=\"qodef-iwt-content\" style=\"padding-left: 9px\">\n\t\t\t\t\t<\/div>\n<\/div>\t\t<\/div>\n\t<\/div>\n<\/div><\/div><\/div><\/div><\/div><\/div><\/div><\/div>","protected":false},"excerpt":{"rendered":"Our headquarters. You can find us here Artic s.r.o Trencianska 53 821 09 Bratislava Slovakia Contact information \u2709 \u00a0 \u260f +421 908 829 746 Contact us We will be very happy to hear from you. If you have specific projects [...]","protected":false},"author":1,"featured_media":0,"parent":0,"menu_order":0,"comment_status":"closed","ping_status":"closed","template":"full-width.php","meta":{"_monsterinsights_skip_tracking":false,"_monsterinsights_sitenote_active":false,"_monsterinsights_sitenote_note":"","_monsterinsights_sitenote_category":0},"yoast_head":"<!-- This site is optimized with the Yoast SEO plugin v16.9 - https:\/\/yoast.com\/wordpress\/plugins\/seo\/ -->\n<title>Contact Us - My chewing gum - We will be very happy if you contact us<\/title>\n<meta name=\"description\" content=\"We will be very happy if you contact us. If you have specific projects on your mind or just would like to know more about our products or services, please do not hesitate to contact us\" \/>\n<meta name=\"robots\" content=\"index, follow, max-snippet:-1, max-image-preview:large, max-video-preview:-1\" \/>\n<link rel=\"canonical\" href=\"https:\/\/www.mychewinggum.com\/sk\/contact-us\/\" \/>\n<meta property=\"og:locale\" content=\"sk_SK\" \/>\n<meta property=\"og:type\" content=\"article\" \/>\n<meta property=\"og:title\" content=\"Contact Us - My chewing gum - We will be very happy if you contact us\" \/>\n<meta property=\"og:description\" content=\"We will be very happy if you contact us. If you have specific projects on your mind or just would like to know more about our products or services, please do not hesitate to contact us\" \/>\n<meta property=\"og:url\" content=\"https:\/\/www.mychewinggum.com\/sk\/contact-us\/\" \/>\n<meta property=\"og:site_name\" content=\"My chewing gum\" \/>\n<meta property=\"article:modified_time\" content=\"2022-12-24T12:41:11+00:00\" \/>\n<meta property=\"og:image\" content=\"https:\/\/www.mychewinggum.com\/wp-content\/uploads\/2022\/12\/emailpic.png\" \/>\n<meta name=\"twitter:card\" content=\"summary_large_image\" \/>\n<meta name=\"twitter:label1\" content=\"Predpokladan\u00fd \u010das \u010d\u00edtania\" \/>\n\t<meta name=\"twitter:data1\" content=\"2 min\u00faty\" \/>\n<script type=\"application\/ld+json\" class=\"yoast-schema-graph\">{\"@context\":\"https:\/\/schema.org\",\"@graph\":[{\"@type\":\"WebSite\",\"@id\":\"https:\/\/www.mychewinggum.com\/#website\",\"url\":\"https:\/\/www.mychewinggum.com\/\",\"name\":\"My chewing gum\",\"description\":\"\\u017duva\\u010dky s vlastnou potla\\u010dou\",\"potentialAction\":[{\"@type\":\"SearchAction\",\"target\":{\"@type\":\"EntryPoint\",\"urlTemplate\":\"https:\/\/www.mychewinggum.com\/?s={search_term_string}\"},\"query-input\":\"required name=search_term_string\"}],\"inLanguage\":\"sk-SK\"},{\"@type\":\"ImageObject\",\"@id\":\"https:\/\/www.mychewinggum.com\/contact-us\/#primaryimage\",\"inLanguage\":\"sk-SK\",\"url\":\"https:\/\/www.mychewinggum.com\/wp-content\/uploads\/2022\/12\/emailpic.png\",\"contentUrl\":\"https:\/\/www.mychewinggum.com\/wp-content\/uploads\/2022\/12\/emailpic.png\",\"width\":1238,\"height\":103},{\"@type\":\"WebPage\",\"@id\":\"https:\/\/www.mychewinggum.com\/contact-us\/#webpage\",\"url\":\"https:\/\/www.mychewinggum.com\/contact-us\/\",\"name\":\"Contact Us - My chewing gum - We will be very happy if you contact us\",\"isPartOf\":{\"@id\":\"https:\/\/www.mychewinggum.com\/#website\"},\"primaryImageOfPage\":{\"@id\":\"https:\/\/www.mychewinggum.com\/contact-us\/#primaryimage\"},\"datePublished\":\"2017-10-17T10:10:18+00:00\",\"dateModified\":\"2022-12-24T12:41:11+00:00\",\"description\":\"We will be very happy if you contact us. If you have specific projects on your mind or just would like to know more about our products or services, please do not hesitate to contact us\",\"breadcrumb\":{\"@id\":\"https:\/\/www.mychewinggum.com\/contact-us\/#breadcrumb\"},\"inLanguage\":\"sk-SK\",\"potentialAction\":[{\"@type\":\"ReadAction\",\"target\":[\"https:\/\/www.mychewinggum.com\/contact-us\/\"]}]},{\"@type\":\"BreadcrumbList\",\"@id\":\"https:\/\/www.mychewinggum.com\/contact-us\/#breadcrumb\",\"itemListElement\":[{\"@type\":\"ListItem\",\"position\":1,\"name\":\"Home\",\"item\":\"https:\/\/www.mychewinggum.com\/\"},{\"@type\":\"ListItem\",\"position\":2,\"name\":\"Contact Us\"}]}]}<\/script>\n<!-- \/ Yoast SEO plugin. -->","yoast_head_json":{"title":"Contact Us - My chewing gum - We will be very happy if you contact us","description":"We will be very happy if you contact us. If you have specific projects on your mind or just would like to know more about our products or services, please do not hesitate to contact us","robots":{"index":"index","follow":"follow","max-snippet":"max-snippet:-1","max-image-preview":"max-image-preview:large","max-video-preview":"max-video-preview:-1"},"canonical":"https:\/\/www.mychewinggum.com\/sk\/contact-us\/","og_locale":"sk_SK","og_type":"article","og_title":"Contact Us - My chewing gum - We will be very happy if you contact us","og_description":"We will be very happy if you contact us. If you have specific projects on your mind or just would like to know more about our products or services, please do not hesitate to contact us","og_url":"https:\/\/www.mychewinggum.com\/sk\/contact-us\/","og_site_name":"My chewing gum","article_modified_time":"2022-12-24T12:41:11+00:00","og_image":[{"url":"https:\/\/www.mychewinggum.com\/wp-content\/uploads\/2022\/12\/emailpic.png"}],"twitter_card":"summary_large_image","twitter_misc":{"Predpokladan\u00fd \u010das \u010d\u00edtania":"2 min\u00faty"},"schema":{"@context":"https:\/\/schema.org","@graph":[{"@type":"WebSite","@id":"https:\/\/www.mychewinggum.com\/#website","url":"https:\/\/www.mychewinggum.com\/","name":"My chewing gum","description":"\u017duva\u010dky s vlastnou potla\u010dou","potentialAction":[{"@type":"SearchAction","target":{"@type":"EntryPoint","urlTemplate":"https:\/\/www.mychewinggum.com\/?s={search_term_string}"},"query-input":"required name=search_term_string"}],"inLanguage":"sk-SK"},{"@type":"ImageObject","@id":"https:\/\/www.mychewinggum.com\/contact-us\/#primaryimage","inLanguage":"sk-SK","url":"https:\/\/www.mychewinggum.com\/wp-content\/uploads\/2022\/12\/emailpic.png","contentUrl":"https:\/\/www.mychewinggum.com\/wp-content\/uploads\/2022\/12\/emailpic.png","width":1238,"height":103},{"@type":"WebPage","@id":"https:\/\/www.mychewinggum.com\/contact-us\/#webpage","url":"https:\/\/www.mychewinggum.com\/contact-us\/","name":"Contact Us - My chewing gum - We will be very happy if you contact us","isPartOf":{"@id":"https:\/\/www.mychewinggum.com\/#website"},"primaryImageOfPage":{"@id":"https:\/\/www.mychewinggum.com\/contact-us\/#primaryimage"},"datePublished":"2017-10-17T10:10:18+00:00","dateModified":"2022-12-24T12:41:11+00:00","description":"We will be very happy if you contact us. If you have specific projects on your mind or just would like to know more about our products or services, please do not hesitate to contact us","breadcrumb":{"@id":"https:\/\/www.mychewinggum.com\/contact-us\/#breadcrumb"},"inLanguage":"sk-SK","potentialAction":[{"@type":"ReadAction","target":["https:\/\/www.mychewinggum.com\/contact-us\/"]}]},{"@type":"BreadcrumbList","@id":"https:\/\/www.mychewinggum.com\/contact-us\/#breadcrumb","itemListElement":[{"@type":"ListItem","position":1,"name":"Home","item":"https:\/\/www.mychewinggum.com\/"},{"@type":"ListItem","position":2,"name":"Contact Us"}]}]}},"_links":{"self":[{"href":"https:\/\/www.mychewinggum.com\/sk\/wp-json\/wp\/v2\/pages\/185"}],"collection":[{"href":"https:\/\/www.mychewinggum.com\/sk\/wp-json\/wp\/v2\/pages"}],"about":[{"href":"https:\/\/www.mychewinggum.com\/sk\/wp-json\/wp\/v2\/types\/page"}],"author":[{"embeddable":true,"href":"https:\/\/www.mychewinggum.com\/sk\/wp-json\/wp\/v2\/users\/1"}],"replies":[{"embeddable":true,"href":"https:\/\/www.mychewinggum.com\/sk\/wp-json\/wp\/v2\/comments?post=185"}],"version-history":[{"count":7,"href":"https:\/\/www.mychewinggum.com\/sk\/wp-json\/wp\/v2\/pages\/185\/revisions"}],"predecessor-version":[{"id":5141,"href":"https:\/\/www.mychewinggum.com\/sk\/wp-json\/wp\/v2\/pages\/185\/revisions\/5141"}],"wp:attachment":[{"href":"https:\/\/www.mychewinggum.com\/sk\/wp-json\/wp\/v2\/media?parent=185"}],"curies":[{"name":"wp","href":"https:\/\/api.w.org\/{rel}","templated":true}]}}