{"id":1930,"date":"2017-10-25T13:47:47","date_gmt":"2017-10-25T13:47:47","guid":{"rendered":"http:\/\/aoki.select-themes.com\/?page_id=1930"},"modified":"2021-09-28T19:48:21","modified_gmt":"2021-09-28T19:48:21","slug":"products","status":"publish","type":"page","link":"https:\/\/www.mychewinggum.com\/sk\/products\/","title":{"rendered":"Produkty"},"content":{"rendered":"<div class=\"qodef-row-grid-section-wrapper\"  ><div class=\"qodef-row-grid-section\"><div class=\"vc_row wpb_row vc_row-fluid vc_custom_1508939318194\" ><div class=\"wpb_column vc_column_container vc_col-sm-12\"><div class=\"vc_column-inner\"><div class=\"wpb_wrapper\"><div class=\"qodef-portfolio-list-holder qodef-pl-masonry qodef-large-space qodef-pl-three-columns qodef-pl-standard-shader    qodef-pl-pag-no-pagination\"  data-type=\"masonry\" data-number-of-columns=\"3\" data-space-between-items=\"large\" data-number-of-items=\"12\" data-image-proportions=\"full\" data-enable-fixed-proportions=\"no\" data-enable-image-shadow=\"no\" data-category=\"product\" data-orderby=\"date\" data-order=\"ASC\" data-item-style=\"standard-shader\" data-enable-title=\"yes\" data-title-tag=\"h3\" data-enable-category=\"yes\" data-enable-count-images=\"no\" data-enable-excerpt=\"no\" data-excerpt-length=\"20\" data-pagination-type=\"no-pagination\" data-filter=\"no\" data-filter-order-by=\"name\" data-filter-text-transform=\"uppercase\" data-enable-article-animation=\"no\" data-portfolio-slider-on=\"no\" data-enable-loop=\"yes\" data-enable-autoplay=\"yes\" data-slider-speed=\"5000\" data-slider-speed-animation=\"600\" data-enable-navigation=\"yes\" data-enable-pagination=\"yes\" data-target=\"no\" data-max-num-pages=\"1\" data-next-page=\"2\">\n\t\t<div class=\"qodef-pl-inner qodef-outer-space clearfix\">\n\t\t<div class=\"qodef-pl-grid-sizer\"><\/div>\n\t\t<div class=\"qodef-pl-grid-gutter\"><\/div>\n\t\t<article class=\"qodef-pl-item qodef-item-space qodef-pl-masonry-default post-719 portfolio-item type-portfolio-item status-publish has-post-thumbnail hentry portfolio-category-chewing-gums\">\n\t<div class=\"qodef-pl-item-inner\">\n\t\t<div class=\"qodef-pli-image\">\n\t<img width=\"960\" height=\"760\" src=\"https:\/\/www.mychewinggum.com\/wp-content\/uploads\/2021\/09\/chewing_gums_single_packs.jpg\" class=\"attachment-full size-full wp-post-image\" alt=\"\" loading=\"lazy\" srcset=\"https:\/\/www.mychewinggum.com\/wp-content\/uploads\/2021\/09\/chewing_gums_single_packs.jpg 960w, https:\/\/www.mychewinggum.com\/wp-content\/uploads\/2021\/09\/chewing_gums_single_packs-300x238.jpg 300w, https:\/\/www.mychewinggum.com\/wp-content\/uploads\/2021\/09\/chewing_gums_single_packs-768x608.jpg 768w, https:\/\/www.mychewinggum.com\/wp-content\/uploads\/2021\/09\/chewing_gums_single_packs-15x12.jpg 15w\" sizes=\"(max-width: 960px) 100vw, 960px\" \/><\/div>\n<div class=\"qodef-pli-text-holder\">\n\t<div class=\"qodef-pli-text-wrapper\">\n\t\t<div class=\"qodef-pli-text\">\n\t\t\t\t<h3 itemprop=\"name\" class=\"qodef-pli-title entry-title\" >\n\t\tBalen\u00e9 po 1 kuse\t<\/h3>\n\n\t\t\t\t\t<h6 class=\"qodef-pli-category-holder\">\n\t\t\t\t\t\t\t<a itemprop=\"url\" class=\"qodef-pli-category\" href=\"https:\/\/www.mychewinggum.com\/sk\/portfolio-category\/chewing-gums\/\">\u017euva\u010dky<\/a>\n\t\t\t\t\t<\/h6>\n\t\n\t\t\t\n\t\t\t\t\t<\/div>\n\t<\/div>\n<\/div>\t\t\n\t\t<a itemprop=\"url\" class=\"qodef-pli-link qodef-block-drag-link\" href=\"https:\/\/www.mychewinggum.com\/sk\/portfolio-item\/single-pack\/\" target=\"_self\"><\/a>\n\t<\/div>\n<\/article><article class=\"qodef-pl-item qodef-item-space qodef-pl-masonry-default post-4862 portfolio-item type-portfolio-item status-publish has-post-thumbnail hentry portfolio-category-chewing-gums\">\n\t<div class=\"qodef-pl-item-inner\">\n\t\t<div class=\"qodef-pli-image\">\n\t<img width=\"960\" height=\"760\" src=\"https:\/\/www.mychewinggum.com\/wp-content\/uploads\/2021\/09\/chewing_gums_blister.jpg\" class=\"attachment-full size-full wp-post-image\" alt=\"\" loading=\"lazy\" srcset=\"https:\/\/www.mychewinggum.com\/wp-content\/uploads\/2021\/09\/chewing_gums_blister.jpg 960w, https:\/\/www.mychewinggum.com\/wp-content\/uploads\/2021\/09\/chewing_gums_blister-300x238.jpg 300w, https:\/\/www.mychewinggum.com\/wp-content\/uploads\/2021\/09\/chewing_gums_blister-768x608.jpg 768w, https:\/\/www.mychewinggum.com\/wp-content\/uploads\/2021\/09\/chewing_gums_blister-15x12.jpg 15w\" sizes=\"(max-width: 960px) 100vw, 960px\" \/><\/div>\n<div class=\"qodef-pli-text-holder\">\n\t<div class=\"qodef-pli-text-wrapper\">\n\t\t<div class=\"qodef-pli-text\">\n\t\t\t\t<h3 itemprop=\"name\" class=\"qodef-pli-title entry-title\" >\n\t\tBlistre\t<\/h3>\n\n\t\t\t\t\t<h6 class=\"qodef-pli-category-holder\">\n\t\t\t\t\t\t\t<a itemprop=\"url\" class=\"qodef-pli-category\" href=\"https:\/\/www.mychewinggum.com\/sk\/portfolio-category\/chewing-gums\/\">\u017euva\u010dky<\/a>\n\t\t\t\t\t<\/h6>\n\t\n\t\t\t\n\t\t\t\t\t<\/div>\n\t<\/div>\n<\/div>\t\t\n\t\t<a itemprop=\"url\" class=\"qodef-pli-link qodef-block-drag-link\" href=\"https:\/\/www.mychewinggum.com\/sk\/portfolio-item\/blister-pack\/\" target=\"_self\"><\/a>\n\t<\/div>\n<\/article><article class=\"qodef-pl-item qodef-item-space qodef-pl-masonry-default post-4868 portfolio-item type-portfolio-item status-publish has-post-thumbnail hentry portfolio-category-chewing-gums\">\n\t<div class=\"qodef-pl-item-inner\">\n\t\t<div class=\"qodef-pli-image\">\n\t<img width=\"960\" height=\"760\" src=\"https:\/\/www.mychewinggum.com\/wp-content\/uploads\/2021\/09\/chewing_gums_doypack.jpg\" class=\"attachment-full size-full wp-post-image\" alt=\"\" loading=\"lazy\" srcset=\"https:\/\/www.mychewinggum.com\/wp-content\/uploads\/2021\/09\/chewing_gums_doypack.jpg 960w, https:\/\/www.mychewinggum.com\/wp-content\/uploads\/2021\/09\/chewing_gums_doypack-300x238.jpg 300w, https:\/\/www.mychewinggum.com\/wp-content\/uploads\/2021\/09\/chewing_gums_doypack-768x608.jpg 768w, https:\/\/www.mychewinggum.com\/wp-content\/uploads\/2021\/09\/chewing_gums_doypack-15x12.jpg 15w\" sizes=\"(max-width: 960px) 100vw, 960px\" \/><\/div>\n<div class=\"qodef-pli-text-holder\">\n\t<div class=\"qodef-pli-text-wrapper\">\n\t\t<div class=\"qodef-pli-text\">\n\t\t\t\t<h3 itemprop=\"name\" class=\"qodef-pli-title entry-title\" >\n\t\tDoypacky\t<\/h3>\n\n\t\t\t\t\t<h6 class=\"qodef-pli-category-holder\">\n\t\t\t\t\t\t\t<a itemprop=\"url\" class=\"qodef-pli-category\" href=\"https:\/\/www.mychewinggum.com\/sk\/portfolio-category\/chewing-gums\/\">\u017euva\u010dky<\/a>\n\t\t\t\t\t<\/h6>\n\t\n\t\t\t\n\t\t\t\t\t<\/div>\n\t<\/div>\n<\/div>\t\t\n\t\t<a itemprop=\"url\" class=\"qodef-pli-link qodef-block-drag-link\" href=\"https:\/\/www.mychewinggum.com\/sk\/portfolio-item\/doypack\/\" target=\"_self\"><\/a>\n\t<\/div>\n<\/article><article class=\"qodef-pl-item qodef-item-space qodef-pl-masonry-default post-4872 portfolio-item type-portfolio-item status-publish has-post-thumbnail hentry portfolio-category-chewing-gums\">\n\t<div class=\"qodef-pl-item-inner\">\n\t\t<div class=\"qodef-pli-image\">\n\t<img width=\"960\" height=\"760\" src=\"https:\/\/www.mychewinggum.com\/wp-content\/uploads\/2021\/09\/chewing_gums_specialty.jpg\" class=\"attachment-full size-full wp-post-image\" alt=\"\" loading=\"lazy\" srcset=\"https:\/\/www.mychewinggum.com\/wp-content\/uploads\/2021\/09\/chewing_gums_specialty.jpg 960w, https:\/\/www.mychewinggum.com\/wp-content\/uploads\/2021\/09\/chewing_gums_specialty-300x238.jpg 300w, https:\/\/www.mychewinggum.com\/wp-content\/uploads\/2021\/09\/chewing_gums_specialty-768x608.jpg 768w, https:\/\/www.mychewinggum.com\/wp-content\/uploads\/2021\/09\/chewing_gums_specialty-15x12.jpg 15w\" sizes=\"(max-width: 960px) 100vw, 960px\" \/><\/div>\n<div class=\"qodef-pli-text-holder\">\n\t<div class=\"qodef-pli-text-wrapper\">\n\t\t<div class=\"qodef-pli-text\">\n\t\t\t\t<h3 itemprop=\"name\" class=\"qodef-pli-title entry-title\" >\n\t\t\u0160peci\u00e1lne balenia\t<\/h3>\n\n\t\t\t\t\t<h6 class=\"qodef-pli-category-holder\">\n\t\t\t\t\t\t\t<a itemprop=\"url\" class=\"qodef-pli-category\" href=\"https:\/\/www.mychewinggum.com\/sk\/portfolio-category\/chewing-gums\/\">\u017euva\u010dky<\/a>\n\t\t\t\t\t<\/h6>\n\t\n\t\t\t\n\t\t\t\t\t<\/div>\n\t<\/div>\n<\/div>\t\t\n\t\t<a itemprop=\"url\" class=\"qodef-pli-link qodef-block-drag-link\" href=\"https:\/\/www.mychewinggum.com\/sk\/portfolio-item\/specialty-packaging\/\" target=\"_self\"><\/a>\n\t<\/div>\n<\/article><article class=\"qodef-pl-item qodef-item-space qodef-pl-masonry-default post-4876 portfolio-item type-portfolio-item status-publish has-post-thumbnail hentry portfolio-category-chewing-gums\">\n\t<div class=\"qodef-pl-item-inner\">\n\t\t<div class=\"qodef-pli-image\">\n\t<img width=\"960\" height=\"760\" src=\"https:\/\/www.mychewinggum.com\/wp-content\/uploads\/2021\/09\/chewing_gums_bulk-1.jpg\" class=\"attachment-full size-full wp-post-image\" alt=\"\" loading=\"lazy\" srcset=\"https:\/\/www.mychewinggum.com\/wp-content\/uploads\/2021\/09\/chewing_gums_bulk-1.jpg 960w, https:\/\/www.mychewinggum.com\/wp-content\/uploads\/2021\/09\/chewing_gums_bulk-1-300x238.jpg 300w, https:\/\/www.mychewinggum.com\/wp-content\/uploads\/2021\/09\/chewing_gums_bulk-1-768x608.jpg 768w, https:\/\/www.mychewinggum.com\/wp-content\/uploads\/2021\/09\/chewing_gums_bulk-1-15x12.jpg 15w\" sizes=\"(max-width: 960px) 100vw, 960px\" \/><\/div>\n<div class=\"qodef-pli-text-holder\">\n\t<div class=\"qodef-pli-text-wrapper\">\n\t\t<div class=\"qodef-pli-text\">\n\t\t\t\t<h3 itemprop=\"name\" class=\"qodef-pli-title entry-title\" >\n\t\tNebalen\u00e9 \u017euva\u010dky\t<\/h3>\n\n\t\t\t\t\t<h6 class=\"qodef-pli-category-holder\">\n\t\t\t\t\t\t\t<a itemprop=\"url\" class=\"qodef-pli-category\" href=\"https:\/\/www.mychewinggum.com\/sk\/portfolio-category\/chewing-gums\/\">\u017euva\u010dky<\/a>\n\t\t\t\t\t<\/h6>\n\t\n\t\t\t\n\t\t\t\t\t<\/div>\n\t<\/div>\n<\/div>\t\t\n\t\t<a itemprop=\"url\" class=\"qodef-pli-link qodef-block-drag-link\" href=\"https:\/\/www.mychewinggum.com\/sk\/portfolio-item\/bulk\/\" target=\"_self\"><\/a>\n\t<\/div>\n<\/article><article class=\"qodef-pl-item qodef-item-space qodef-pl-masonry-default post-4880 portfolio-item type-portfolio-item status-publish has-post-thumbnail hentry portfolio-category-chewing-gums\">\n\t<div class=\"qodef-pl-item-inner\">\n\t\t<div class=\"qodef-pli-image\">\n\t<img width=\"960\" height=\"760\" src=\"https:\/\/www.mychewinggum.com\/wp-content\/uploads\/2021\/09\/chewing_gums_private_label.jpg\" class=\"attachment-full size-full wp-post-image\" alt=\"\" loading=\"lazy\" srcset=\"https:\/\/www.mychewinggum.com\/wp-content\/uploads\/2021\/09\/chewing_gums_private_label.jpg 960w, https:\/\/www.mychewinggum.com\/wp-content\/uploads\/2021\/09\/chewing_gums_private_label-300x238.jpg 300w, https:\/\/www.mychewinggum.com\/wp-content\/uploads\/2021\/09\/chewing_gums_private_label-768x608.jpg 768w, https:\/\/www.mychewinggum.com\/wp-content\/uploads\/2021\/09\/chewing_gums_private_label-15x12.jpg 15w\" sizes=\"(max-width: 960px) 100vw, 960px\" \/><\/div>\n<div class=\"qodef-pli-text-holder\">\n\t<div class=\"qodef-pli-text-wrapper\">\n\t\t<div class=\"qodef-pli-text\">\n\t\t\t\t<h3 itemprop=\"name\" class=\"qodef-pli-title entry-title\" >\n\t\tPriv\u00e1tna zna\u010dka\t<\/h3>\n\n\t\t\t\t\t<h6 class=\"qodef-pli-category-holder\">\n\t\t\t\t\t\t\t<a itemprop=\"url\" class=\"qodef-pli-category\" href=\"https:\/\/www.mychewinggum.com\/sk\/portfolio-category\/chewing-gums\/\">\u017euva\u010dky<\/a>\n\t\t\t\t\t<\/h6>\n\t\n\t\t\t\n\t\t\t\t\t<\/div>\n\t<\/div>\n<\/div>\t\t\n\t\t<a itemprop=\"url\" class=\"qodef-pli-link qodef-block-drag-link\" href=\"https:\/\/www.mychewinggum.com\/sk\/portfolio-item\/private-label\/\" target=\"_self\"><\/a>\n\t<\/div>\n<\/article><article class=\"qodef-pl-item qodef-item-space qodef-pl-masonry-default post-4884 portfolio-item type-portfolio-item status-publish has-post-thumbnail hentry portfolio-category-chewing-gums\">\n\t<div class=\"qodef-pl-item-inner\">\n\t\t<div class=\"qodef-pli-image\">\n\t<img width=\"960\" height=\"760\" src=\"https:\/\/www.mychewinggum.com\/wp-content\/uploads\/2021\/09\/chewing_gums_app.jpg\" class=\"attachment-full size-full wp-post-image\" alt=\"\" loading=\"lazy\" srcset=\"https:\/\/www.mychewinggum.com\/wp-content\/uploads\/2021\/09\/chewing_gums_app.jpg 960w, https:\/\/www.mychewinggum.com\/wp-content\/uploads\/2021\/09\/chewing_gums_app-300x238.jpg 300w, https:\/\/www.mychewinggum.com\/wp-content\/uploads\/2021\/09\/chewing_gums_app-768x608.jpg 768w, https:\/\/www.mychewinggum.com\/wp-content\/uploads\/2021\/09\/chewing_gums_app-15x12.jpg 15w\" sizes=\"(max-width: 960px) 100vw, 960px\" \/><\/div>\n<div class=\"qodef-pli-text-holder\">\n\t<div class=\"qodef-pli-text-wrapper\">\n\t\t<div class=\"qodef-pli-text\">\n\t\t\t\t<h3 itemprop=\"name\" class=\"qodef-pli-title entry-title\" >\n\t\tOnline aplik\u00e1cia\t<\/h3>\n\n\t\t\t\t\t<h6 class=\"qodef-pli-category-holder\">\n\t\t\t\t\t\t\t<a itemprop=\"url\" class=\"qodef-pli-category\" href=\"https:\/\/www.mychewinggum.com\/sk\/portfolio-category\/chewing-gums\/\">\u017euva\u010dky<\/a>\n\t\t\t\t\t<\/h6>\n\t\n\t\t\t\n\t\t\t\t\t<\/div>\n\t<\/div>\n<\/div>\t\t\n\t\t<a itemprop=\"url\" class=\"qodef-pli-link qodef-block-drag-link\" href=\"https:\/\/www.mychewinggum.com\/sk\/portfolio-item\/online-app\/\" target=\"_self\"><\/a>\n\t<\/div>\n<\/article>\t<\/div>\n\t\n\t<\/div><\/div><\/div><\/div><\/div><\/div><\/div>","protected":false},"excerpt":{"rendered":"for our business partners, we provide an option of having their own online app for designing the packaging of the single-packed chewing gums. &nbsp; It's an online application, in which the customers can design their own chewing gums. This service [...]","protected":false},"author":1,"featured_media":0,"parent":0,"menu_order":0,"comment_status":"closed","ping_status":"closed","template":"full-width.php","meta":{"_monsterinsights_skip_tracking":false,"_monsterinsights_sitenote_active":false,"_monsterinsights_sitenote_note":"","_monsterinsights_sitenote_category":0},"yoast_head":"<!-- This site is optimized with the Yoast SEO plugin v16.9 - https:\/\/yoast.com\/wordpress\/plugins\/seo\/ -->\n<title>Products - My chewing gum - Best of best<\/title>\n<meta name=\"description\" content=\"We packaging chewing gums into various packaging options. They are suited for use in restaurants, hotels or for any kind of business promotion.\" \/>\n<meta name=\"robots\" content=\"index, follow, max-snippet:-1, max-image-preview:large, max-video-preview:-1\" \/>\n<link rel=\"canonical\" href=\"https:\/\/www.mychewinggum.com\/sk\/products\/\" \/>\n<meta property=\"og:locale\" content=\"sk_SK\" \/>\n<meta property=\"og:type\" content=\"article\" \/>\n<meta property=\"og:title\" content=\"Products - My chewing gum - Best of best\" \/>\n<meta property=\"og:description\" content=\"We packaging chewing gums into various packaging options. They are suited for use in restaurants, hotels or for any kind of business promotion.\" \/>\n<meta property=\"og:url\" content=\"https:\/\/www.mychewinggum.com\/sk\/products\/\" \/>\n<meta property=\"og:site_name\" content=\"My chewing gum\" \/>\n<meta property=\"article:modified_time\" content=\"2021-09-28T19:48:21+00:00\" \/>\n<meta name=\"twitter:card\" content=\"summary_large_image\" \/>\n<meta name=\"twitter:label1\" content=\"Predpokladan\u00fd \u010das \u010d\u00edtania\" \/>\n\t<meta name=\"twitter:data1\" content=\"1 min\u00fata\" \/>\n<script type=\"application\/ld+json\" class=\"yoast-schema-graph\">{\"@context\":\"https:\/\/schema.org\",\"@graph\":[{\"@type\":\"WebSite\",\"@id\":\"https:\/\/www.mychewinggum.com\/#website\",\"url\":\"https:\/\/www.mychewinggum.com\/\",\"name\":\"My chewing gum\",\"description\":\"\\u017duva\\u010dky s vlastnou potla\\u010dou\",\"potentialAction\":[{\"@type\":\"SearchAction\",\"target\":{\"@type\":\"EntryPoint\",\"urlTemplate\":\"https:\/\/www.mychewinggum.com\/?s={search_term_string}\"},\"query-input\":\"required name=search_term_string\"}],\"inLanguage\":\"sk-SK\"},{\"@type\":\"WebPage\",\"@id\":\"https:\/\/www.mychewinggum.com\/products\/#webpage\",\"url\":\"https:\/\/www.mychewinggum.com\/products\/\",\"name\":\"Products - My chewing gum - Best of best\",\"isPartOf\":{\"@id\":\"https:\/\/www.mychewinggum.com\/#website\"},\"datePublished\":\"2017-10-25T13:47:47+00:00\",\"dateModified\":\"2021-09-28T19:48:21+00:00\",\"description\":\"We packaging chewing gums into various packaging options. They are suited for use in restaurants, hotels or for any kind of business promotion.\",\"breadcrumb\":{\"@id\":\"https:\/\/www.mychewinggum.com\/products\/#breadcrumb\"},\"inLanguage\":\"sk-SK\",\"potentialAction\":[{\"@type\":\"ReadAction\",\"target\":[\"https:\/\/www.mychewinggum.com\/products\/\"]}]},{\"@type\":\"BreadcrumbList\",\"@id\":\"https:\/\/www.mychewinggum.com\/products\/#breadcrumb\",\"itemListElement\":[{\"@type\":\"ListItem\",\"position\":1,\"name\":\"Home\",\"item\":\"https:\/\/www.mychewinggum.com\/\"},{\"@type\":\"ListItem\",\"position\":2,\"name\":\"Products\"}]}]}<\/script>\n<!-- \/ Yoast SEO plugin. -->","yoast_head_json":{"title":"Products - My chewing gum - Best of best","description":"We packaging chewing gums into various packaging options. They are suited for use in restaurants, hotels or for any kind of business promotion.","robots":{"index":"index","follow":"follow","max-snippet":"max-snippet:-1","max-image-preview":"max-image-preview:large","max-video-preview":"max-video-preview:-1"},"canonical":"https:\/\/www.mychewinggum.com\/sk\/products\/","og_locale":"sk_SK","og_type":"article","og_title":"Products - My chewing gum - Best of best","og_description":"We packaging chewing gums into various packaging options. They are suited for use in restaurants, hotels or for any kind of business promotion.","og_url":"https:\/\/www.mychewinggum.com\/sk\/products\/","og_site_name":"My chewing gum","article_modified_time":"2021-09-28T19:48:21+00:00","twitter_card":"summary_large_image","twitter_misc":{"Predpokladan\u00fd \u010das \u010d\u00edtania":"1 min\u00fata"},"schema":{"@context":"https:\/\/schema.org","@graph":[{"@type":"WebSite","@id":"https:\/\/www.mychewinggum.com\/#website","url":"https:\/\/www.mychewinggum.com\/","name":"My chewing gum","description":"\u017duva\u010dky s vlastnou potla\u010dou","potentialAction":[{"@type":"SearchAction","target":{"@type":"EntryPoint","urlTemplate":"https:\/\/www.mychewinggum.com\/?s={search_term_string}"},"query-input":"required name=search_term_string"}],"inLanguage":"sk-SK"},{"@type":"WebPage","@id":"https:\/\/www.mychewinggum.com\/products\/#webpage","url":"https:\/\/www.mychewinggum.com\/products\/","name":"Products - My chewing gum - Best of best","isPartOf":{"@id":"https:\/\/www.mychewinggum.com\/#website"},"datePublished":"2017-10-25T13:47:47+00:00","dateModified":"2021-09-28T19:48:21+00:00","description":"We packaging chewing gums into various packaging options. They are suited for use in restaurants, hotels or for any kind of business promotion.","breadcrumb":{"@id":"https:\/\/www.mychewinggum.com\/products\/#breadcrumb"},"inLanguage":"sk-SK","potentialAction":[{"@type":"ReadAction","target":["https:\/\/www.mychewinggum.com\/products\/"]}]},{"@type":"BreadcrumbList","@id":"https:\/\/www.mychewinggum.com\/products\/#breadcrumb","itemListElement":[{"@type":"ListItem","position":1,"name":"Home","item":"https:\/\/www.mychewinggum.com\/"},{"@type":"ListItem","position":2,"name":"Products"}]}]}},"_links":{"self":[{"href":"https:\/\/www.mychewinggum.com\/sk\/wp-json\/wp\/v2\/pages\/1930"}],"collection":[{"href":"https:\/\/www.mychewinggum.com\/sk\/wp-json\/wp\/v2\/pages"}],"about":[{"href":"https:\/\/www.mychewinggum.com\/sk\/wp-json\/wp\/v2\/types\/page"}],"author":[{"embeddable":true,"href":"https:\/\/www.mychewinggum.com\/sk\/wp-json\/wp\/v2\/users\/1"}],"replies":[{"embeddable":true,"href":"https:\/\/www.mychewinggum.com\/sk\/wp-json\/wp\/v2\/comments?post=1930"}],"version-history":[{"count":5,"href":"https:\/\/www.mychewinggum.com\/sk\/wp-json\/wp\/v2\/pages\/1930\/revisions"}],"predecessor-version":[{"id":4959,"href":"https:\/\/www.mychewinggum.com\/sk\/wp-json\/wp\/v2\/pages\/1930\/revisions\/4959"}],"wp:attachment":[{"href":"https:\/\/www.mychewinggum.com\/sk\/wp-json\/wp\/v2\/media?parent=1930"}],"curies":[{"name":"wp","href":"https:\/\/api.w.org\/{rel}","templated":true}]}}