{"id":288,"date":"2017-10-18T08:50:13","date_gmt":"2017-10-18T08:50:13","guid":{"rendered":"http:\/\/aoki.select-themes.com\/?page_id=288"},"modified":"2021-09-28T19:38:00","modified_gmt":"2021-09-28T19:38:00","slug":"faq","status":"publish","type":"page","link":"https:\/\/www.mychewinggum.com\/sk\/faq\/","title":{"rendered":"FAQ"},"content":{"rendered":"<div class=\"qodef-row-grid-section-wrapper\"  ><div class=\"qodef-row-grid-section\"><div class=\"vc_row wpb_row vc_row-fluid vc_custom_1509089308685\" ><div class=\"wpb_column vc_column_container vc_col-sm-12 vc_col-lg-offset-0 vc_col-lg-9 vc_col-md-offset-0 vc_col-md-12 vc_col-sm-offset-0\"><div class=\"vc_column-inner\"><div class=\"wpb_wrapper\"><div class=\"qodef-elements-holder   qodef-one-column  qodef-responsive-mode-768\" ><div class=\"qodef-eh-item\"  data-item-class=\"qodef-eh-custom-8505\" data-768-1024=\"13% 0px 10% 0px\" data-680-768=\"16% 0px 10% 0px\">\n\t<div class=\"qodef-eh-item-inner\">\n\t\t<div class=\"qodef-eh-item-content qodef-eh-custom-8505\" style=\"padding: 0px 0px 0px 0px\">\n\t\t\t<div class=\"qodef-section-title-holder  qodef-st-standard qodef-st-title-left qodef-st-normal-space\" >\n\t<div class=\"qodef-st-inner\">\n\t\t\t\t\t<h2 class=\"qodef-st-title\" >\n\t\t\t\tAko dlho budem musie\u0165 na \u017euva\u010dky \u010daka\u0165?\t\t\t<\/h2>\n\t\t                    <div class=\"qodef-separator-holder clearfix  qodef-separator-position\">\n\t<div class=\"qodef-separator\" style=\"margin-top: 21px;margin-bottom: 11px\"><\/div>\n<\/div>\n        \t\t\t\t\t<h4 class=\"qodef-st-text\" >\n\t\t\t\tDodacia lehota z\u00e1vis\u00ed od zvolen\u00e9ho produktu. Viac inform\u00e1ci\u00ed n\u00e1jdete v sekcii produktov.\t\t\t<\/h4>\n\t\t\t<\/div>\n<\/div>\n<div class=\"vc_empty_space\"   style=\"height: 13px\"><span class=\"vc_empty_space_inner\"><\/span><\/div><div class=\"qodef-accordion-holder qodef-ac-default  qodef-accordion qodef-ac-simple  clearfix\">\n\t<h3 class=\"qodef-accordion-title\">\n    <span class=\"qodef-additional-tag\"> 01 <\/span>\n\t<span class=\"qodef-tab-title\">Ak\u00e9 je zlo\u017eenie \u017euva\u010diek?<\/span>\n    <span class=\"qodef-accordion-mark\">\n\t\t<span class=\"qodef_icon_plus icon_plus\"><\/span>\n\t\t<span class=\"qodef_icon_minus icon_minus-06\"><\/span>\n\t<\/span>\n<\/h3>\n<div class=\"qodef-accordion-content\">\n\t<div class=\"qodef-accordion-content-inner\">\n\t\t\n\t<div class=\"wpb_text_column wpb_content_element\" >\n\t\t<div class=\"wpb_wrapper\">\n\t\t\t<p>Sna\u017e\u00edme sa, aby zlo\u017eenie na\u0161ich \u017euva\u010diek bolo \u010do najviac pr\u00edrodn\u00e9, ale predov\u0161etk\u00fdm sme py\u0161n\u00fd na to, \u017ee na\u0161e \u017euva\u010dky neobsahuj\u00fa umel\u00e9 sladidlo ASPARTAM alebo umel\u00e9 farbiv\u00e1 a ar\u00f3my, ktor\u00e9 n\u00e1jdete skoro v ka\u017edej inej zna\u010dke \u017euva\u010diek.<\/p>\n<p>\u017duva\u010dky obsahuj\u00fa maltitol, sorbitol, sukral\u00f3za, xylitol, gumov\u00e1 b\u00e1za (obsahuje antioxidant: extrakt bohat\u00fd na tokoferol), arabsk\u00e1 guma, pr\u00edrodn\u00e1 m\u00e4tov\u00e1 ar\u00f3ma, glycerol a karnaubsk\u00fd vosk.<\/p>\n<p>&nbsp;<\/p>\n<p>Sorbitol je v\u00fd\u0165a\u017eok z cukru gluk\u00f3zy. Ide o prirodzen\u00fa zlo\u017eku ka\u017ed\u00e9ho ovocia. Sorbitol sa pou\u017e\u00edva ako sladidlo, ale aj zahus\u0165ovadlo, ktor\u00e9 je vhodn\u00e9 pre diabetikov.<\/p>\n<p>&nbsp;<\/p>\n<p>Maltitol je pr\u00edrodn\u00e9 sladidlo, ktor\u00e9 sa z\u00edskava zo \u0161krobu a je rovnako sladk\u00e9 ako klasick\u00fd cukor, ale nesp\u00f4sobuje zubn\u00e9 kazy. Je to stabiliz\u00e1tor a zvlh\u010duj\u00faca l\u00e1tka.<\/p>\n<p>&nbsp;<\/p>\n<p>Xylitol je prirodzene sa vyskytuj\u00faca n\u00e1hrada cukru, ktor\u00e1 sa nach\u00e1dza vo v\u00e4\u010d\u0161ine rastl\u00edn, vr\u00e1tane\nmnoh\u00fdch druhov ovocia a zeleniny. Xylitol sa pou\u017e\u00edva ako n\u00e1hrada cukru v \u201ebezcukrov\u00fdch\u201c\n\u017euva\u010dk\u00e1ch a in\u00fdch cukr\u00edkoch.<\/p>\n<p>&nbsp;<\/p>\n<p>Sukral\u00f3za je nekalorick\u00e9 sladidlo, ktor\u00e9 ne\u0161kod\u00ed zubom a nemetabolizuje sa v tele. Je vhodn\u00e9 pre diabetikov nako\u013eko neovplyv\u0148uje hladinu inzul\u00ednu v krvi.<\/p>\n<p>&nbsp;<\/p>\n<p>Arabsk\u00e1 guma je jeden z najstar\u0161\u00edch pr\u00edrodn\u00fdch emulg\u00e1torov. Pou\u017e\u00edva sa ako zahus\u0165ovadlo, stabiliz\u00e1tor, zvlh\u010duj\u00faca l\u00e1tka a emulg\u00e1tor. Dok\u00e1zalo sa, \u017ee m\u00f4\u017ee zni\u017eova\u0165 hladinu cholesterolu a m\u00f4\u017ee ma\u0165 blahodarn\u00fd vplyv na \u010drevn\u00fa mikrofl\u00f3ru.<\/p>\n<p>&nbsp;<\/p>\n<p>Pr\u00edrodn\u00e1 m\u00e4tov\u00e1 ar\u00f3ma \u017euva\u010diek Artic je docielen\u00e1 esenci\u00e1lnymi olejmi m\u00e4ty piepornej. Nepou\u017e\u00edvame \u017eiadne umel\u00e9 ar\u00f3my alebo farbiv\u00e1.<\/p>\n<p>&nbsp;<\/p>\n<p>Glycerol je bezfarebn\u00e1 visk\u00f3zna kvapalina bez z\u00e1pachu, sladkej chuti. Vznik\u00e1 pri kvasen\u00ed r\u00f4znych pr\u00edrodn\u00fdch l\u00e1tok a v pr\u00edrode sa naj\u010dastej\u0161ie nach\u00e1dza viazan\u00fd na in\u00e9 l\u00e1tky.<\/p>\n<p>&nbsp;<\/p>\n<p>Karnaubsk\u00fd vosk je vosk, ktor\u00fd sa z\u00edskava z listov tropickej palmy Copernicia cerifera rast\u00facej v Braz\u00edlii. Jedn\u00e1 sa o svetlo \u017elt\u00fa tvrd\u00fa trblietav\u00fa l\u00e1tku s pr\u00edjemnou v\u00f4\u0148ou, ktor\u00e1 nem\u00e1 \u017eiadne negat\u00edvne \u00fa\u010dinky.<\/p>\n<p>&nbsp;<\/p>\n<p>Tokoferol je len odborn\u00fd n\u00e1zov pre pr\u00edrodn\u00fd vitam\u00edn E. Vitam\u00edn E sa pova\u017euje za \u00fa\u010dinn\u00fd antioxidant. Ovplyv\u0148uje tvorbu \u010derven\u00fdch krviniek, z\u00fa\u010dast\u0148uje sa obnovy a rastu svalovej hmoty a \u010fal\u0161\u00edch tkan\u00edv.<\/p>\n\n\t\t<\/div>\n\t<\/div>\n\t<\/div>\n<\/div><h3 class=\"qodef-accordion-title\">\n    <span class=\"qodef-additional-tag\"> 02 <\/span>\n\t<span class=\"qodef-tab-title\">Ak\u00e9 pr\u00edchute pon\u00fakate?<\/span>\n    <span class=\"qodef-accordion-mark\">\n\t\t<span class=\"qodef_icon_plus icon_plus\"><\/span>\n\t\t<span class=\"qodef_icon_minus icon_minus-06\"><\/span>\n\t<\/span>\n<\/h3>\n<div class=\"qodef-accordion-content\">\n\t<div class=\"qodef-accordion-content-inner\">\n\t\t\n\t<div class=\"wpb_text_column wpb_content_element\" >\n\t\t<div class=\"wpb_wrapper\">\n\t\t\t<p>Na\u0161e pr\u00e9miov\u00e9 dra\u017e\u00e9 \u017euva\u010dky pon\u00fakame v dvoch najpopul\u00e1rnej\u0161\u00edch pr\u00edchutiach Peppermint a Spearmint. In\u00e9 pr\u00edchute s\u00fa k dispoz\u00edcii na po\u017eiadanie.<\/p>\n\n\t\t<\/div>\n\t<\/div>\n\t<\/div>\n<\/div><h3 class=\"qodef-accordion-title\">\n    <span class=\"qodef-additional-tag\"> 03 <\/span>\n\t<span class=\"qodef-tab-title\">Ak\u00fd je rozdiel medzi pr\u00edchu\u0165ou  peppermint a spearmint?<\/span>\n    <span class=\"qodef-accordion-mark\">\n\t\t<span class=\"qodef_icon_plus icon_plus\"><\/span>\n\t\t<span class=\"qodef_icon_minus icon_minus-06\"><\/span>\n\t<\/span>\n<\/h3>\n<div class=\"qodef-accordion-content\">\n\t<div class=\"qodef-accordion-content-inner\">\n\t\t\n\t<div class=\"wpb_text_column wpb_content_element\" >\n\t\t<div class=\"wpb_wrapper\">\n\t\t\t<p>Obe pr\u00edchute s\u00fa v\u00fd\u0165a\u017ekami z rodiny rastl\u00edn Mentha. Hlavn\u00fdm rozdielom je obsah mentolu v t\u00fdchto rastlin\u00e1ch.<\/p>\n\n\t\t<\/div>\n\t<\/div>\n\t<\/div>\n<\/div><h3 class=\"qodef-accordion-title\">\n    <span class=\"qodef-additional-tag\"> 04 <\/span>\n\t<span class=\"qodef-tab-title\">Viete n\u00e1m \u017euva\u010dky zabali\u0165 aj do in\u00fdch typov obalov?<\/span>\n    <span class=\"qodef-accordion-mark\">\n\t\t<span class=\"qodef_icon_plus icon_plus\"><\/span>\n\t\t<span class=\"qodef_icon_minus icon_minus-06\"><\/span>\n\t<\/span>\n<\/h3>\n<div class=\"qodef-accordion-content\">\n\t<div class=\"qodef-accordion-content-inner\">\n\t\t\n\t<div class=\"wpb_text_column wpb_content_element\" >\n\t\t<div class=\"wpb_wrapper\">\n\t\t\t<p>Na\u0161u ponuku \u0161tandardn\u00fdch sp\u00f4sobov balenia si m\u00f4\u017eete pozrie\u0165 na na\u0161ej str\u00e1nke. V pr\u00edpade z\u00e1ujmu o in\u00fd typ obalu n\u00e1s pros\u00edm kontaktujte. V\u0161etko je mo\u017en\u00e9.<\/p>\n\n\t\t<\/div>\n\t<\/div>\n\t<\/div>\n<\/div><h3 class=\"qodef-accordion-title\">\n    <span class=\"qodef-additional-tag\"> 05 <\/span>\n\t<span class=\"qodef-tab-title\">Rob\u00edte aj private label balenie \u017euva\u010diek?<\/span>\n    <span class=\"qodef-accordion-mark\">\n\t\t<span class=\"qodef_icon_plus icon_plus\"><\/span>\n\t\t<span class=\"qodef_icon_minus icon_minus-06\"><\/span>\n\t<\/span>\n<\/h3>\n<div class=\"qodef-accordion-content\">\n\t<div class=\"qodef-accordion-content-inner\">\n\t\t\n\t<div class=\"wpb_text_column wpb_content_element\" >\n\t\t<div class=\"wpb_wrapper\">\n\t\t\t<p>\u00c1no, na\u0161im z\u00e1kazn\u00edkom vieme zabali\u0165 \u017euva\u010dky aj pod ich priv\u00e1tnou zna\u010dkou. Pre viac inform\u00e1ci\u00ed n\u00e1s pros\u00edm kontaktujte.<\/p>\n\n\t\t<\/div>\n\t<\/div>\n\t<\/div>\n<\/div><\/div>\t\t<\/div>\n\t<\/div>\n<\/div><\/div><\/div><\/div><\/div><div class=\"wpb_column vc_column_container vc_col-sm-12 vc_col-lg-offset-0 vc_col-lg-3 vc_col-md-offset-0 vc_col-md-12 vc_col-sm-offset-0\"><div class=\"vc_column-inner\"><div class=\"wpb_wrapper\"><div class=\"qodef-elements-holder   qodef-one-column  qodef-responsive-mode-768\" ><div class=\"qodef-eh-item\"  data-item-class=\"qodef-eh-custom-5194\" data-768-1024=\"0% 0px 0px 0px\" data-680=\"0% 0px 25% 0px\">\n\t<div class=\"qodef-eh-item-inner\">\n\t\t<div class=\"qodef-eh-item-content qodef-eh-custom-5194\" style=\"padding: 7px 0px 0px 0px\">\n\t\t\t<div  class=\"wpb_widgetised_column wpb_content_element\">\n\t\t<div class=\"wpb_wrapper\">\n\t\t\t\n\t\t\t\n\t\t<\/div>\n\t<\/div>\n\t\t<\/div>\n\t<\/div>\n<\/div><\/div><\/div><\/div><\/div><\/div><\/div><\/div>","protected":false},"excerpt":{"rendered":"What are the lead times for your products? The delivery time of an order depends on the selected product. Please look into the product section for more information. 01 What is your gum composition? We try to keep the composition [...]","protected":false},"author":1,"featured_media":0,"parent":0,"menu_order":0,"comment_status":"closed","ping_status":"closed","template":"","meta":{"_monsterinsights_skip_tracking":false,"_monsterinsights_sitenote_active":false,"_monsterinsights_sitenote_note":"","_monsterinsights_sitenote_category":0},"yoast_head":"<!-- This site is optimized with the Yoast SEO plugin v16.9 - https:\/\/yoast.com\/wordpress\/plugins\/seo\/ -->\n<title>FAQ - My chewing gum<\/title>\n<meta name=\"description\" content=\"Here are our FAQ. You find here something about our gum composition, flavors what we offer or if we provide private label services. You find here every FAQ.\" \/>\n<meta name=\"robots\" content=\"index, follow, max-snippet:-1, max-image-preview:large, max-video-preview:-1\" \/>\n<link rel=\"canonical\" href=\"https:\/\/www.mychewinggum.com\/sk\/faq\/\" \/>\n<meta property=\"og:locale\" content=\"sk_SK\" \/>\n<meta property=\"og:type\" content=\"article\" \/>\n<meta property=\"og:title\" content=\"FAQ - My chewing gum\" \/>\n<meta property=\"og:description\" content=\"Here are our FAQ. You find here something about our gum composition, flavors what we offer or if we provide private label services. You find here every FAQ.\" \/>\n<meta property=\"og:url\" content=\"https:\/\/www.mychewinggum.com\/sk\/faq\/\" \/>\n<meta property=\"og:site_name\" content=\"My chewing gum\" \/>\n<meta property=\"article:modified_time\" content=\"2021-09-28T19:38:00+00:00\" \/>\n<meta name=\"twitter:card\" content=\"summary_large_image\" \/>\n<meta name=\"twitter:label1\" content=\"Predpokladan\u00fd \u010das \u010d\u00edtania\" \/>\n\t<meta name=\"twitter:data1\" content=\"3 min\u00faty\" \/>\n<script type=\"application\/ld+json\" class=\"yoast-schema-graph\">{\"@context\":\"https:\/\/schema.org\",\"@graph\":[{\"@type\":\"WebSite\",\"@id\":\"https:\/\/www.mychewinggum.com\/#website\",\"url\":\"https:\/\/www.mychewinggum.com\/\",\"name\":\"My chewing gum\",\"description\":\"\\u017duva\\u010dky s vlastnou potla\\u010dou\",\"potentialAction\":[{\"@type\":\"SearchAction\",\"target\":{\"@type\":\"EntryPoint\",\"urlTemplate\":\"https:\/\/www.mychewinggum.com\/?s={search_term_string}\"},\"query-input\":\"required name=search_term_string\"}],\"inLanguage\":\"sk-SK\"},{\"@type\":\"WebPage\",\"@id\":\"https:\/\/www.mychewinggum.com\/faq\/#webpage\",\"url\":\"https:\/\/www.mychewinggum.com\/faq\/\",\"name\":\"FAQ - My chewing gum\",\"isPartOf\":{\"@id\":\"https:\/\/www.mychewinggum.com\/#website\"},\"datePublished\":\"2017-10-18T08:50:13+00:00\",\"dateModified\":\"2021-09-28T19:38:00+00:00\",\"description\":\"Here are our FAQ. You find here something about our gum composition, flavors what we offer or if we provide private label services. You find here every FAQ.\",\"breadcrumb\":{\"@id\":\"https:\/\/www.mychewinggum.com\/faq\/#breadcrumb\"},\"inLanguage\":\"sk-SK\",\"potentialAction\":[{\"@type\":\"ReadAction\",\"target\":[\"https:\/\/www.mychewinggum.com\/faq\/\"]}]},{\"@type\":\"BreadcrumbList\",\"@id\":\"https:\/\/www.mychewinggum.com\/faq\/#breadcrumb\",\"itemListElement\":[{\"@type\":\"ListItem\",\"position\":1,\"name\":\"Home\",\"item\":\"https:\/\/www.mychewinggum.com\/\"},{\"@type\":\"ListItem\",\"position\":2,\"name\":\"FAQ\"}]}]}<\/script>\n<!-- \/ Yoast SEO plugin. -->","yoast_head_json":{"title":"FAQ - My chewing gum","description":"Here are our FAQ. You find here something about our gum composition, flavors what we offer or if we provide private label services. You find here every FAQ.","robots":{"index":"index","follow":"follow","max-snippet":"max-snippet:-1","max-image-preview":"max-image-preview:large","max-video-preview":"max-video-preview:-1"},"canonical":"https:\/\/www.mychewinggum.com\/sk\/faq\/","og_locale":"sk_SK","og_type":"article","og_title":"FAQ - My chewing gum","og_description":"Here are our FAQ. You find here something about our gum composition, flavors what we offer or if we provide private label services. You find here every FAQ.","og_url":"https:\/\/www.mychewinggum.com\/sk\/faq\/","og_site_name":"My chewing gum","article_modified_time":"2021-09-28T19:38:00+00:00","twitter_card":"summary_large_image","twitter_misc":{"Predpokladan\u00fd \u010das \u010d\u00edtania":"3 min\u00faty"},"schema":{"@context":"https:\/\/schema.org","@graph":[{"@type":"WebSite","@id":"https:\/\/www.mychewinggum.com\/#website","url":"https:\/\/www.mychewinggum.com\/","name":"My chewing gum","description":"\u017duva\u010dky s vlastnou potla\u010dou","potentialAction":[{"@type":"SearchAction","target":{"@type":"EntryPoint","urlTemplate":"https:\/\/www.mychewinggum.com\/?s={search_term_string}"},"query-input":"required name=search_term_string"}],"inLanguage":"sk-SK"},{"@type":"WebPage","@id":"https:\/\/www.mychewinggum.com\/faq\/#webpage","url":"https:\/\/www.mychewinggum.com\/faq\/","name":"FAQ - My chewing gum","isPartOf":{"@id":"https:\/\/www.mychewinggum.com\/#website"},"datePublished":"2017-10-18T08:50:13+00:00","dateModified":"2021-09-28T19:38:00+00:00","description":"Here are our FAQ. You find here something about our gum composition, flavors what we offer or if we provide private label services. You find here every FAQ.","breadcrumb":{"@id":"https:\/\/www.mychewinggum.com\/faq\/#breadcrumb"},"inLanguage":"sk-SK","potentialAction":[{"@type":"ReadAction","target":["https:\/\/www.mychewinggum.com\/faq\/"]}]},{"@type":"BreadcrumbList","@id":"https:\/\/www.mychewinggum.com\/faq\/#breadcrumb","itemListElement":[{"@type":"ListItem","position":1,"name":"Home","item":"https:\/\/www.mychewinggum.com\/"},{"@type":"ListItem","position":2,"name":"FAQ"}]}]}},"_links":{"self":[{"href":"https:\/\/www.mychewinggum.com\/sk\/wp-json\/wp\/v2\/pages\/288"}],"collection":[{"href":"https:\/\/www.mychewinggum.com\/sk\/wp-json\/wp\/v2\/pages"}],"about":[{"href":"https:\/\/www.mychewinggum.com\/sk\/wp-json\/wp\/v2\/types\/page"}],"author":[{"embeddable":true,"href":"https:\/\/www.mychewinggum.com\/sk\/wp-json\/wp\/v2\/users\/1"}],"replies":[{"embeddable":true,"href":"https:\/\/www.mychewinggum.com\/sk\/wp-json\/wp\/v2\/comments?post=288"}],"version-history":[{"count":2,"href":"https:\/\/www.mychewinggum.com\/sk\/wp-json\/wp\/v2\/pages\/288\/revisions"}],"predecessor-version":[{"id":4845,"href":"https:\/\/www.mychewinggum.com\/sk\/wp-json\/wp\/v2\/pages\/288\/revisions\/4845"}],"wp:attachment":[{"href":"https:\/\/www.mychewinggum.com\/sk\/wp-json\/wp\/v2\/media?parent=288"}],"curies":[{"name":"wp","href":"https:\/\/api.w.org\/{rel}","templated":true}]}}